{"id":12607,"date":"2023-04-03T08:56:35","date_gmt":"2023-04-03T08:56:35","guid":{"rendered":"https:\/\/amaraproyectos.com\/amara\/marketing-solutions\/online-marketing-experts\/"},"modified":"2023-04-09T18:01:04","modified_gmt":"2023-04-09T18:01:04","slug":"marketing-online-scalable-system","status":"publish","type":"page","link":"https:\/\/amara-marketing.com\/en\/solutions\/marketing-online-scalable-system\/","title":{"rendered":"Online marketing experts"},"content":{"rendered":"\t\t<div data-elementor-type=\"wp-page\" data-elementor-id=\"12607\" class=\"elementor elementor-12607 elementor-5579\">\n\t\t\t\t\t\t<section class=\"elementor-section elementor-top-section elementor-element elementor-element-d2c61b5 elementor-section-boxed elementor-section-height-default elementor-section-height-default\" data-id=\"d2c61b5\" data-element_type=\"section\">\n\t\t\t\t\t\t<div class=\"elementor-container elementor-column-gap-default\">\n\t\t\t\t\t<div class=\"elementor-column elementor-col-100 elementor-top-column elementor-element elementor-element-173b2c3\" data-id=\"173b2c3\" data-element_type=\"column\">\n\t\t\t<div class=\"elementor-widget-wrap elementor-element-populated\">\n\t\t\t\t\t\t<div class=\"elementor-element elementor-element-36e1f57 elementor-widget elementor-widget-text-editor\" data-id=\"36e1f57\" data-element_type=\"widget\" data-widget_type=\"text-editor.default\">\n\t\t\t\t<div class=\"elementor-widget-container\">\n\t\t\t\t\t\t\t\t\t<p>Para hacer de tu negocio online una verdadera fuente de ingresos, desarrol<\/p>\n<p>To make your online business a real source of revenue, we develop an integrated and scalable system aligned with your goals and assets.<\/p>\n<p>The first step of this operation is to get to know your company and have a clear vision of its best qualities, unique features and competitive advantages.<\/p>\n<p>We use as strengths of our strategy the construction of a solid corporate website, the development of agile funnels that generate qualified leads, the creation or improvement of social media profiles to support communication and all complementary tools tailored to your needs.<\/p>\n<p>We target the best potential customers for your company and optimize the next steps. The key is not to immediately attract as many users as possible or promote your business on all existing channels, but to be attentive and conduct market research to customize the strategy designed for you.<\/p>\n<p>Having a scalable online marketing system is also the best way to run digital marketing campaigns with your current resources. Instead of making costly design and strategy changes in the hope that they will work, we will make improvements to your website incrementally, study their impact on your customers and run campaigns tailored to user interests.<\/p>\n<p>Every step in the growth of your online strategy is important. Our solutions will help you guarantee, in a firm and progressive way, the best marketing path for your business.<\/p>\n<\/p>\n<p>Download here the leaflet about the <a href=\"https:\/\/cdn2.hubspot.net\/hubfs\/2074697\/Presentaciones_de_producto\/1607-AMA-FolletoPymeHubSpot-1.pdf\" target=\"_blank\" rel=\"noopener\">online marketing platform for SMEs<\/a>.<\/p>\n<p>Download here the leaflet about the <a href=\"https:\/\/cdn2.hubspot.net\/hubfs\/2074697\/Presentaciones_de_producto\/1607-AMA-FolletoTurismoHubSpot-ES-1.pdf\" target=\"_blank\" rel=\"noopener\">online marketing platform for Tourism.<\/a><\/p>\n<p> <\/a><\/p>\n<p><p>We will help you to improve your website in a progressive way.lamos un sistema integrado y escalable alineado con tus objetivos y activos.<\/p>\n<p>El primer paso de esta operaci\u00f3n es conocer a tu compa\u00f1\u00eda y tener una visi\u00f3n clara de sus mejores cualidades, rasgos \u00fanicos y ventajas relacionadas con la competencia.<\/p>\n<p>Utilizamos como puntos fuertes de nuestra estrategia la construcci\u00f3n de un sitio web corporativo s\u00f3lido, el desarrollo de embudos \u00e1giles que generan clientes potenciales calificados, la creaci\u00f3n o mejora de los perfiles de redes sociales para respaldar la comunicaci\u00f3n y todas las herramientas complementarias adaptadas a tus necesidades.<\/p>\n<p>Nos dirigimos a los mejores clientes potenciales para tu empresa y optimizamos los siguientes pasos. La clave no es atraer de inmediato a tantos usuarios como sea posible ni promocionar tu negocio en todos los canales existentes, sino estar atentos y realizar investigaciones de mercado para personalizar la estrategia dise\u00f1ada para ti.<\/p>\n<p>Tener un sistema de marketing online escalable tambi\u00e9n es la mejor manera de realizar campa\u00f1as de marketing digital con sus recursos actuales. En lugar de realizar cambios costosos en el dise\u00f1o y la estrategia con la esperanza de que funcionen, realizaremos mejoras en tu sitio web de forma progresiva, estudiaremos su impacto en tus clientes y realizaremos campa\u00f1as adaptadas a los intereses de los usuarios.<\/p>\n<p>Cada paso en el crecimiento de tu estrategia online es importante. Nuestras soluciones te ayudar\u00e1n a garantizar, de manera firme y progresiva, la mejor ruta de marketing para tu negocio.<\/p>\n<p>\u00a0<\/p>\n<p>Descarga aqu\u00ed el\u00a0tr\u00edptico\u00a0sobre\u00a0el\u00a0<a href=\"https:\/\/cdn2.hubspot.net\/hubfs\/2074697\/Presentaciones_de_producto\/1607-AMA-FolletoPymeHubSpot-1.pdf\" target=\"_blank\" rel=\"noopener\">plataforma de marketing online para PYMES<\/a>.<\/p>\n<p>Descarga aqu\u00ed el\u00a0tr\u00edptico\u00a0sobre\u00a0el\u00a0<a href=\"https:\/\/cdn2.hubspot.net\/hubfs\/2074697\/Presentaciones_de_producto\/1607-AMA-FolletoTurismoHubSpot-ES-1.pdf\" target=\"_blank\" rel=\"noopener\">plataforma de marketing online para Turismo.<\/a><\/p>\n\t\t\t\t\t\t\t\t<\/div>\n\t\t\t\t<\/div>\n\t\t\t\t\t<\/div>\n\t\t<\/div>\n\t\t\t\t\t<\/div>\n\t\t<\/section>\n\t\t\t\t<section class=\"elementor-section elementor-top-section elementor-element elementor-element-5220474 elementor-section-full_width elementor-section-height-default elementor-section-height-default\" data-id=\"5220474\" data-element_type=\"section\">\n\t\t\t\t\t\t<div class=\"elementor-container elementor-column-gap-default\">\n\t\t\t\t\t<div class=\"elementor-column elementor-col-100 elementor-top-column elementor-element elementor-element-cd17e13\" data-id=\"cd17e13\" data-element_type=\"column\">\n\t\t\t<div class=\"elementor-widget-wrap elementor-element-populated\">\n\t\t\t\t\t\t\t<\/div>\n\t\t<\/div>\n\t\t\t\t\t<\/div>\n\t\t<\/section>\n\t\t\t\t<section class=\"elementor-section elementor-top-section elementor-element elementor-element-3750abe elementor-section-boxed elementor-section-height-default elementor-section-height-default\" data-id=\"3750abe\" data-element_type=\"section\">\n\t\t\t\t\t\t<div class=\"elementor-container elementor-column-gap-default\">\n\t\t\t\t\t<div class=\"elementor-column elementor-col-100 elementor-top-column elementor-element elementor-element-ce04f7f\" data-id=\"ce04f7f\" data-element_type=\"column\">\n\t\t\t<div class=\"elementor-widget-wrap elementor-element-populated\">\n\t\t\t\t\t\t<div class=\"elementor-element elementor-element-2d42990 elementor-widget elementor-widget-heading\" data-id=\"2d42990\" data-element_type=\"widget\" data-widget_type=\"heading.default\">\n\t\t\t\t<div class=\"elementor-widget-container\">\n\t\t\t\t\t<h2 class=\"elementor-heading-title elementor-size-default\">Ask us for a free consulting session<\/h2>\t\t\t\t<\/div>\n\t\t\t\t<\/div>\n\t\t\t\t\t<\/div>\n\t\t<\/div>\n\t\t\t\t\t<\/div>\n\t\t<\/section>\n\t\t\t\t<section class=\"elementor-section elementor-top-section elementor-element elementor-element-3d0ec5b elementor-section-boxed elementor-section-height-default elementor-section-height-default\" data-id=\"3d0ec5b\" data-element_type=\"section\">\n\t\t\t\t\t\t<div class=\"elementor-container elementor-column-gap-default\">\n\t\t\t\t\t<div class=\"elementor-column elementor-col-33 elementor-top-column elementor-element elementor-element-235132f\" data-id=\"235132f\" data-element_type=\"column\">\n\t\t\t<div class=\"elementor-widget-wrap elementor-element-populated\">\n\t\t\t\t\t\t<div class=\"elementor-element elementor-element-91d00d1 elementor-widget elementor-widget-image\" data-id=\"91d00d1\" data-element_type=\"widget\" data-widget_type=\"image.default\">\n\t\t\t\t<div class=\"elementor-widget-container\">\n\t\t\t\t\t\t\t\t\t\t\t\t\t\t\t<img decoding=\"async\" src=\"https:\/\/amara-marketing.com\/wp-content\/plugins\/elementor\/assets\/images\/placeholder.png\" title=\"\" alt=\"\" loading=\"lazy\" \/>\t\t\t\t\t\t\t\t\t\t\t\t\t\t\t<\/div>\n\t\t\t\t<\/div>\n\t\t\t\t<div class=\"elementor-element elementor-element-07d24b6 elementor-widget elementor-widget-heading\" data-id=\"07d24b6\" data-element_type=\"widget\" data-widget_type=\"heading.default\">\n\t\t\t\t<div class=\"elementor-widget-container\">\n\t\t\t\t\t<span class=\"elementor-heading-title elementor-size-default\">Reduce risks<\/span>\t\t\t\t<\/div>\n\t\t\t\t<\/div>\n\t\t\t\t<div class=\"elementor-element elementor-element-7b2e41d elementor-widget elementor-widget-text-editor\" data-id=\"7b2e41d\" data-element_type=\"widget\" data-widget_type=\"text-editor.default\">\n\t\t\t\t<div class=\"elementor-widget-container\">\n\t\t\t\t\t\t\t\t\t<p>Building on a scalable online strategy will ensure that your current resources are used correctly and risks are reduced<\/p>\n<p>.<\/p>\n\t\t\t\t\t\t\t\t<\/div>\n\t\t\t\t<\/div>\n\t\t\t\t\t<\/div>\n\t\t<\/div>\n\t\t\t\t<div class=\"elementor-column elementor-col-33 elementor-top-column elementor-element elementor-element-afdc69a\" data-id=\"afdc69a\" data-element_type=\"column\">\n\t\t\t<div class=\"elementor-widget-wrap elementor-element-populated\">\n\t\t\t\t\t\t<div class=\"elementor-element elementor-element-6c8ad57 elementor-widget elementor-widget-image\" data-id=\"6c8ad57\" data-element_type=\"widget\" data-widget_type=\"image.default\">\n\t\t\t\t<div class=\"elementor-widget-container\">\n\t\t\t\t\t\t\t\t\t\t\t\t\t\t\t<img decoding=\"async\" src=\"https:\/\/amara-marketing.com\/wp-content\/plugins\/elementor\/assets\/images\/placeholder.png\" title=\"\" alt=\"\" loading=\"lazy\" \/>\t\t\t\t\t\t\t\t\t\t\t\t\t\t\t<\/div>\n\t\t\t\t<\/div>\n\t\t\t\t<div class=\"elementor-element elementor-element-ecbd145 elementor-widget elementor-widget-heading\" data-id=\"ecbd145\" data-element_type=\"widget\" data-widget_type=\"heading.default\">\n\t\t\t\t<div class=\"elementor-widget-container\">\n\t\t\t\t\t<span class=\"elementor-heading-title elementor-size-default\">Improve results<\/span>\t\t\t\t<\/div>\n\t\t\t\t<\/div>\n\t\t\t\t<div class=\"elementor-element elementor-element-888b3e1 elementor-widget elementor-widget-text-editor\" data-id=\"888b3e1\" data-element_type=\"widget\" data-widget_type=\"text-editor.default\">\n\t\t\t\t<div class=\"elementor-widget-container\">\n\t\t\t\t\t\t\t\t\t<p>Working on online strategies that are more focused on your ideal customers will allow you to close conversion processes faster, and therefore, generate revenue.<\/p>\n\t\t\t\t\t\t\t\t<\/div>\n\t\t\t\t<\/div>\n\t\t\t\t\t<\/div>\n\t\t<\/div>\n\t\t\t\t<div class=\"elementor-column elementor-col-33 elementor-top-column elementor-element elementor-element-5d2f947\" data-id=\"5d2f947\" data-element_type=\"column\">\n\t\t\t<div class=\"elementor-widget-wrap elementor-element-populated\">\n\t\t\t\t\t\t<div class=\"elementor-element elementor-element-800ca8a elementor-widget elementor-widget-image\" data-id=\"800ca8a\" data-element_type=\"widget\" data-widget_type=\"image.default\">\n\t\t\t\t<div class=\"elementor-widget-container\">\n\t\t\t\t\t\t\t\t\t\t\t\t\t\t\t<img decoding=\"async\" src=\"https:\/\/amara-marketing.com\/wp-content\/plugins\/elementor\/assets\/images\/placeholder.png\" title=\"\" alt=\"\" loading=\"lazy\" \/>\t\t\t\t\t\t\t\t\t\t\t\t\t\t\t<\/div>\n\t\t\t\t<\/div>\n\t\t\t\t<div class=\"elementor-element elementor-element-7e89794 elementor-widget elementor-widget-heading\" data-id=\"7e89794\" data-element_type=\"widget\" data-widget_type=\"heading.default\">\n\t\t\t\t<div class=\"elementor-widget-container\">\n\t\t\t\t\t<span class=\"elementor-heading-title elementor-size-default\">Your business will grow with your website<\/span>\t\t\t\t<\/div>\n\t\t\t\t<\/div>\n\t\t\t\t<div class=\"elementor-element elementor-element-8d2e6ee elementor-widget elementor-widget-text-editor\" data-id=\"8d2e6ee\" data-element_type=\"widget\" data-widget_type=\"text-editor.default\">\n\t\t\t\t<div class=\"elementor-widget-container\">\n\t\t\t\t\t\t\t\t\t<p>As you get results, you will be able to adjust your website to your business progress and prepare it to reach new goals in the future.<\/p>\n\t\t\t\t\t\t\t\t<\/div>\n\t\t\t\t<\/div>\n\t\t\t\t\t<\/div>\n\t\t<\/div>\n\t\t\t\t\t<\/div>\n\t\t<\/section>\n\t\t\t\t<section class=\"elementor-section elementor-top-section elementor-element elementor-element-751e878 elementor-section-boxed elementor-section-height-default elementor-section-height-default\" data-id=\"751e878\" data-element_type=\"section\">\n\t\t\t\t\t\t<div class=\"elementor-container elementor-column-gap-default\">\n\t\t\t\t\t<div class=\"elementor-column elementor-col-50 elementor-top-column elementor-element elementor-element-d1887fe\" data-id=\"d1887fe\" data-element_type=\"column\">\n\t\t\t<div class=\"elementor-widget-wrap elementor-element-populated\">\n\t\t\t\t\t\t<div class=\"elementor-element elementor-element-02daa94 elementor-widget elementor-widget-image\" data-id=\"02daa94\" data-element_type=\"widget\" data-widget_type=\"image.default\">\n\t\t\t\t<div class=\"elementor-widget-container\">\n\t\t\t\t\t\t\t\t\t\t\t\t\t\t\t<img fetchpriority=\"high\" decoding=\"async\" width=\"536\" height=\"412\" src=\"https:\/\/amara-marketing.com\/wp-content\/uploads\/Img-Servicio-Pronova-1.jpg\" class=\"attachment-large size-large wp-image-9363\" alt=\"\" \/>\t\t\t\t\t\t\t\t\t\t\t\t\t\t\t<\/div>\n\t\t\t\t<\/div>\n\t\t\t\t\t<\/div>\n\t\t<\/div>\n\t\t\t\t<div class=\"elementor-column elementor-col-50 elementor-top-column elementor-element elementor-element-e864527\" data-id=\"e864527\" data-element_type=\"column\">\n\t\t\t<div class=\"elementor-widget-wrap elementor-element-populated\">\n\t\t\t\t\t\t<div class=\"elementor-element elementor-element-04c8bdd elementor-widget elementor-widget-heading\" data-id=\"04c8bdd\" data-element_type=\"widget\" data-widget_type=\"heading.default\">\n\t\t\t\t<div class=\"elementor-widget-container\">\n\t\t\t\t\t<span class=\"elementor-heading-title elementor-size-default\">Cl\u00ednica Pronova<\/span>\t\t\t\t<\/div>\n\t\t\t\t<\/div>\n\t\t\t\t<div class=\"elementor-element elementor-element-097e2fc elementor-widget elementor-widget-text-editor\" data-id=\"097e2fc\" data-element_type=\"widget\" data-widget_type=\"text-editor.default\">\n\t\t\t\t<div class=\"elementor-widget-container\">\n\t\t\t\t\t\t\t\t\t<p>The objective was to continue increasing the number of visits in the long term and <strong>improving the qualification of its contacts<\/strong> so that they become <strong>real sales opportunities<\/strong>, through a sustainable and satisfactory system for the client.<\/p>\n\t\t\t\t\t\t\t\t<\/div>\n\t\t\t\t<\/div>\n\t\t\t\t<section class=\"elementor-section elementor-inner-section elementor-element elementor-element-8730a71 elementor-section-boxed elementor-section-height-default elementor-section-height-default\" data-id=\"8730a71\" data-element_type=\"section\">\n\t\t\t\t\t\t<div class=\"elementor-container elementor-column-gap-default\">\n\t\t\t\t\t<div class=\"elementor-column elementor-col-33 elementor-inner-column elementor-element elementor-element-e5c3e8d\" data-id=\"e5c3e8d\" data-element_type=\"column\">\n\t\t\t<div class=\"elementor-widget-wrap elementor-element-populated\">\n\t\t\t\t\t\t<div class=\"elementor-element elementor-element-9ff877f elementor-widget elementor-widget-text-editor\" data-id=\"9ff877f\" data-element_type=\"widget\" data-widget_type=\"text-editor.default\">\n\t\t\t\t<div class=\"elementor-widget-container\">\n\t\t\t\t\t\t\t\t\t<span style=\"font-size: 30px; font-family: Roboto Slab; font-weight: 600\">+287%<\/span>\r\nFirst appointments\t\t\t\t\t\t\t\t<\/div>\n\t\t\t\t<\/div>\n\t\t\t\t\t<\/div>\n\t\t<\/div>\n\t\t\t\t<div class=\"elementor-column elementor-col-33 elementor-inner-column elementor-element elementor-element-d189875\" data-id=\"d189875\" data-element_type=\"column\">\n\t\t\t<div class=\"elementor-widget-wrap elementor-element-populated\">\n\t\t\t\t\t\t<div class=\"elementor-element elementor-element-c8c3230 elementor-widget elementor-widget-text-editor\" data-id=\"c8c3230\" data-element_type=\"widget\" data-widget_type=\"text-editor.default\">\n\t\t\t\t<div class=\"elementor-widget-container\">\n\t\t\t\t\t\t\t\t\t<span style=\"font-size: 30px; font-family: Roboto Slab; font-weight: 600\">+339%<\/span>\r\nSale increase\t\t\t\t\t\t\t\t<\/div>\n\t\t\t\t<\/div>\n\t\t\t\t\t<\/div>\n\t\t<\/div>\n\t\t\t\t<div class=\"elementor-column elementor-col-33 elementor-inner-column elementor-element elementor-element-15e36e1\" data-id=\"15e36e1\" data-element_type=\"column\">\n\t\t\t<div class=\"elementor-widget-wrap elementor-element-populated\">\n\t\t\t\t\t\t<div class=\"elementor-element elementor-element-eba11c6 elementor-widget elementor-widget-text-editor\" data-id=\"eba11c6\" data-element_type=\"widget\" data-widget_type=\"text-editor.default\">\n\t\t\t\t<div class=\"elementor-widget-container\">\n\t\t\t\t\t\t\t\t\t<span style=\"font-size: 30px; font-family: Roboto Slab; font-weight: 600\">x18<\/span>\r\n<br>\r\nVisits to website\t\t\t\t\t\t\t\t<\/div>\n\t\t\t\t<\/div>\n\t\t\t\t\t<\/div>\n\t\t<\/div>\n\t\t\t\t\t<\/div>\n\t\t<\/section>\n\t\t\t\t<div class=\"elementor-element elementor-element-e4980c3 elementor-widget elementor-widget-button\" data-id=\"e4980c3\" data-element_type=\"widget\" data-widget_type=\"button.default\">\n\t\t\t\t<div class=\"elementor-widget-container\">\n\t\t\t\t\t\t\t\t\t<div class=\"elementor-button-wrapper\">\n\t\t\t\t\t<a class=\"elementor-button elementor-button-link elementor-size-sm\" href=\"#\">\n\t\t\t\t\t\t<span class=\"elementor-button-content-wrapper\">\n\t\t\t\t\t\t\t\t\t<span class=\"elementor-button-text\">Read more<\/span>\n\t\t\t\t\t<\/span>\n\t\t\t\t\t<\/a>\n\t\t\t\t<\/div>\n\t\t\t\t\t\t\t\t<\/div>\n\t\t\t\t<\/div>\n\t\t\t\t\t<\/div>\n\t\t<\/div>\n\t\t\t\t\t<\/div>\n\t\t<\/section>\n\t\t\t\t<\/div>\n\t\t","protected":false},"excerpt":{"rendered":"<p>Online commerce is indeed a complex world that is constantly changing and needs precise attention and solid strategies to be addressed.<\/p>\n<p>We have all experienced it in some way, whether as simple users, entrepreneurs or marketing professionals, and that&#8217;s why we know you are concerned about dedicating your resources and efforts.<\/p>\n","protected":false},"author":1,"featured_media":12357,"parent":12576,"menu_order":0,"comment_status":"closed","ping_status":"closed","template":"","meta":{"content-type":"","footnotes":""},"categories":[302],"tags":[],"class_list":["post-12607","page","type-page","status-publish","has-post-thumbnail","hentry","category-solutions"],"_links":{"self":[{"href":"https:\/\/amara-marketing.com\/en\/wp-json\/wp\/v2\/pages\/12607"}],"collection":[{"href":"https:\/\/amara-marketing.com\/en\/wp-json\/wp\/v2\/pages"}],"about":[{"href":"https:\/\/amara-marketing.com\/en\/wp-json\/wp\/v2\/types\/page"}],"author":[{"embeddable":true,"href":"https:\/\/amara-marketing.com\/en\/wp-json\/wp\/v2\/users\/1"}],"replies":[{"embeddable":true,"href":"https:\/\/amara-marketing.com\/en\/wp-json\/wp\/v2\/comments?post=12607"}],"version-history":[{"count":0,"href":"https:\/\/amara-marketing.com\/en\/wp-json\/wp\/v2\/pages\/12607\/revisions"}],"up":[{"embeddable":true,"href":"https:\/\/amara-marketing.com\/en\/wp-json\/wp\/v2\/pages\/12576"}],"wp:featuredmedia":[{"embeddable":true,"href":"https:\/\/amara-marketing.com\/en\/wp-json\/wp\/v2\/media\/12357"}],"wp:attachment":[{"href":"https:\/\/amara-marketing.com\/en\/wp-json\/wp\/v2\/media?parent=12607"}],"wp:term":[{"taxonomy":"category","embeddable":true,"href":"https:\/\/amara-marketing.com\/en\/wp-json\/wp\/v2\/categories?post=12607"},{"taxonomy":"post_tag","embeddable":true,"href":"https:\/\/amara-marketing.com\/en\/wp-json\/wp\/v2\/tags?post=12607"}],"curies":[{"name":"wp","href":"https:\/\/api.w.org\/{rel}","templated":true}]}}