{"id":12617,"date":"2023-04-03T08:47:31","date_gmt":"2023-04-03T08:47:31","guid":{"rendered":"https:\/\/amaraproyectos.com\/amara\/marketing-solutions\/increase-website-traffic\/"},"modified":"2023-04-09T07:48:12","modified_gmt":"2023-04-09T07:48:12","slug":"increase-website-traffic","status":"publish","type":"page","link":"https:\/\/amara-marketing.com\/en\/solutions\/increase-website-traffic\/","title":{"rendered":"Increase website traffic"},"content":{"rendered":"\t\t<div data-elementor-type=\"wp-page\" data-elementor-id=\"12617\" class=\"elementor elementor-12617 elementor-5565\">\n\t\t\t\t\t\t<section class=\"elementor-section elementor-top-section elementor-element elementor-element-d2c61b5 elementor-section-boxed elementor-section-height-default elementor-section-height-default\" data-id=\"d2c61b5\" data-element_type=\"section\">\n\t\t\t\t\t\t<div class=\"elementor-container elementor-column-gap-default\">\n\t\t\t\t\t<div class=\"elementor-column elementor-col-100 elementor-top-column elementor-element elementor-element-173b2c3\" data-id=\"173b2c3\" data-element_type=\"column\">\n\t\t\t<div class=\"elementor-widget-wrap elementor-element-populated\">\n\t\t\t\t\t\t<div class=\"elementor-element elementor-element-36e1f57 elementor-widget elementor-widget-text-editor\" data-id=\"36e1f57\" data-element_type=\"widget\" data-widget_type=\"text-editor.default\">\n\t\t\t\t<div class=\"elementor-widget-container\">\n\t\t\t\t\t\t\t\t\t<p>En la actualidad los usuarios no realizan b\u00fasquedas de productos o servicios determinados, sino que buscan\u00a0<strong>fuentes que les eduquen y les informen<\/strong>\u00a0sobre qu\u00e9 necesitan para cubrir sus necesidades.\u00a0<strong>No es el qu\u00e9, sino el c\u00f3mo y por qu\u00e9<\/strong>.<\/p>\n<p>Ganar un mayor tr\u00e1fico web pasa por\u00a0<strong>adaptar tu website a las necesidades de tu p\u00fablico<\/strong>. \u00bfC\u00f3mo? Haciendo un trabajo m\u00e1s profundo en la estrategia SEO de tu sitio web, y desarrollando contenidos adaptados a estas necesidades. Los usuarios no buscan keywords, sino\u00a0<strong>respuestas<\/strong>.<\/p>\n<p>Consigue incrementar las visitas a tu website\u00a0<strong>convirti\u00e9ndote en un referente en tu sector<\/strong>.<\/p>\n\t\t\t\t\t\t\t\t<\/div>\n\t\t\t\t<\/div>\n\t\t\t\t\t<\/div>\n\t\t<\/div>\n\t\t\t\t\t<\/div>\n\t\t<\/section>\n\t\t\t\t<section class=\"elementor-section elementor-top-section elementor-element elementor-element-5220474 elementor-section-full_width elementor-section-height-default elementor-section-height-default\" data-id=\"5220474\" data-element_type=\"section\">\n\t\t\t\t\t\t<div class=\"elementor-container elementor-column-gap-default\">\n\t\t\t\t\t<div class=\"elementor-column elementor-col-100 elementor-top-column elementor-element elementor-element-cd17e13\" data-id=\"cd17e13\" data-element_type=\"column\">\n\t\t\t<div class=\"elementor-widget-wrap elementor-element-populated\">\n\t\t\t\t\t\t\t<\/div>\n\t\t<\/div>\n\t\t\t\t\t<\/div>\n\t\t<\/section>\n\t\t\t\t<section class=\"elementor-section elementor-top-section elementor-element elementor-element-3750abe elementor-section-boxed elementor-section-height-default elementor-section-height-default\" data-id=\"3750abe\" data-element_type=\"section\">\n\t\t\t\t\t\t<div class=\"elementor-container elementor-column-gap-default\">\n\t\t\t\t\t<div class=\"elementor-column elementor-col-100 elementor-top-column elementor-element elementor-element-ce04f7f\" data-id=\"ce04f7f\" data-element_type=\"column\">\n\t\t\t<div class=\"elementor-widget-wrap elementor-element-populated\">\n\t\t\t\t\t\t<div class=\"elementor-element elementor-element-2d42990 elementor-widget elementor-widget-heading\" data-id=\"2d42990\" data-element_type=\"widget\" data-widget_type=\"heading.default\">\n\t\t\t\t<div class=\"elementor-widget-container\">\n\t\t\t\t\t<h2 class=\"elementor-heading-title elementor-size-default\">Ask us for a free consulting session<\/h2>\t\t\t\t<\/div>\n\t\t\t\t<\/div>\n\t\t\t\t\t<\/div>\n\t\t<\/div>\n\t\t\t\t\t<\/div>\n\t\t<\/section>\n\t\t\t\t<section class=\"elementor-section elementor-top-section elementor-element elementor-element-3d0ec5b elementor-section-boxed elementor-section-height-default elementor-section-height-default\" data-id=\"3d0ec5b\" data-element_type=\"section\">\n\t\t\t\t\t\t<div class=\"elementor-container elementor-column-gap-default\">\n\t\t\t\t\t<div class=\"elementor-column elementor-col-33 elementor-top-column elementor-element elementor-element-235132f\" data-id=\"235132f\" data-element_type=\"column\">\n\t\t\t<div class=\"elementor-widget-wrap elementor-element-populated\">\n\t\t\t\t\t\t<div class=\"elementor-element elementor-element-91d00d1 elementor-widget elementor-widget-image\" data-id=\"91d00d1\" data-element_type=\"widget\" data-widget_type=\"image.default\">\n\t\t\t\t<div class=\"elementor-widget-container\">\n\t\t\t\t\t\t\t\t\t\t\t\t\t\t\t<img decoding=\"async\" src=\"https:\/\/amara-marketing.com\/wp-content\/plugins\/elementor\/assets\/images\/placeholder.png\" title=\"\" alt=\"\" loading=\"lazy\" \/>\t\t\t\t\t\t\t\t\t\t\t\t\t\t\t<\/div>\n\t\t\t\t<\/div>\n\t\t\t\t<div class=\"elementor-element elementor-element-07d24b6 elementor-widget elementor-widget-heading\" data-id=\"07d24b6\" data-element_type=\"widget\" data-widget_type=\"heading.default\">\n\t\t\t\t<div class=\"elementor-widget-container\">\n\t\t\t\t\t<span class=\"elementor-heading-title elementor-size-default\">Define yourself as an authority in your sector<\/span>\t\t\t\t<\/div>\n\t\t\t\t<\/div>\n\t\t\t\t<div class=\"elementor-element elementor-element-7b2e41d elementor-widget elementor-widget-text-editor\" data-id=\"7b2e41d\" data-element_type=\"widget\" data-widget_type=\"text-editor.default\">\n\t\t\t\t<div class=\"elementor-widget-container\">\n\t\t\t\t\t\t\t\t\t<p>Desarrolla tu actividad a partir de la educaci\u00f3n a tus clientes. Convi\u00e9rtete en una referencia de confianza en tu mercado.<\/p>\n\t\t\t\t\t\t\t\t<\/div>\n\t\t\t\t<\/div>\n\t\t\t\t\t<\/div>\n\t\t<\/div>\n\t\t\t\t<div class=\"elementor-column elementor-col-33 elementor-top-column elementor-element elementor-element-afdc69a\" data-id=\"afdc69a\" data-element_type=\"column\">\n\t\t\t<div class=\"elementor-widget-wrap elementor-element-populated\">\n\t\t\t\t\t\t<div class=\"elementor-element elementor-element-6c8ad57 elementor-widget elementor-widget-image\" data-id=\"6c8ad57\" data-element_type=\"widget\" data-widget_type=\"image.default\">\n\t\t\t\t<div class=\"elementor-widget-container\">\n\t\t\t\t\t\t\t\t\t\t\t\t\t\t\t<img decoding=\"async\" src=\"https:\/\/amara-marketing.com\/wp-content\/plugins\/elementor\/assets\/images\/placeholder.png\" title=\"\" alt=\"\" loading=\"lazy\" \/>\t\t\t\t\t\t\t\t\t\t\t\t\t\t\t<\/div>\n\t\t\t\t<\/div>\n\t\t\t\t<div class=\"elementor-element elementor-element-ecbd145 elementor-widget elementor-widget-heading\" data-id=\"ecbd145\" data-element_type=\"widget\" data-widget_type=\"heading.default\">\n\t\t\t\t<div class=\"elementor-widget-container\">\n\t\t\t\t\t<span class=\"elementor-heading-title elementor-size-default\">Multiply your web traffic<\/span>\t\t\t\t<\/div>\n\t\t\t\t<\/div>\n\t\t\t\t<div class=\"elementor-element elementor-element-888b3e1 elementor-widget elementor-widget-text-editor\" data-id=\"888b3e1\" data-element_type=\"widget\" data-widget_type=\"text-editor.default\">\n\t\t\t\t<div class=\"elementor-widget-container\">\n\t\t\t\t\t\t\t\t\t<p>If you offer the content that your audience needs, more people will come to your website.<\/p>\n\t\t\t\t\t\t\t\t<\/div>\n\t\t\t\t<\/div>\n\t\t\t\t\t<\/div>\n\t\t<\/div>\n\t\t\t\t<div class=\"elementor-column elementor-col-33 elementor-top-column elementor-element elementor-element-5d2f947\" data-id=\"5d2f947\" data-element_type=\"column\">\n\t\t\t<div class=\"elementor-widget-wrap elementor-element-populated\">\n\t\t\t\t\t\t<div class=\"elementor-element elementor-element-800ca8a elementor-widget elementor-widget-image\" data-id=\"800ca8a\" data-element_type=\"widget\" data-widget_type=\"image.default\">\n\t\t\t\t<div class=\"elementor-widget-container\">\n\t\t\t\t\t\t\t\t\t\t\t\t\t\t\t<img decoding=\"async\" src=\"https:\/\/amara-marketing.com\/wp-content\/plugins\/elementor\/assets\/images\/placeholder.png\" title=\"\" alt=\"\" loading=\"lazy\" \/>\t\t\t\t\t\t\t\t\t\t\t\t\t\t\t<\/div>\n\t\t\t\t<\/div>\n\t\t\t\t<div class=\"elementor-element elementor-element-7e89794 elementor-widget elementor-widget-heading\" data-id=\"7e89794\" data-element_type=\"widget\" data-widget_type=\"heading.default\">\n\t\t\t\t<div class=\"elementor-widget-container\">\n\t\t\t\t\t<span class=\"elementor-heading-title elementor-size-default\">Optimise your efforts<\/span>\t\t\t\t<\/div>\n\t\t\t\t<\/div>\n\t\t\t\t<div class=\"elementor-element elementor-element-8d2e6ee elementor-widget elementor-widget-text-editor\" data-id=\"8d2e6ee\" data-element_type=\"widget\" data-widget_type=\"text-editor.default\">\n\t\t\t\t<div class=\"elementor-widget-container\">\n\t\t\t\t\t\t\t\t\t<p>Adapt your strategy to the latest trends of your customers and your efforts will get the most out of them.<\/p>\n\t\t\t\t\t\t\t\t<\/div>\n\t\t\t\t<\/div>\n\t\t\t\t\t<\/div>\n\t\t<\/div>\n\t\t\t\t\t<\/div>\n\t\t<\/section>\n\t\t\t\t<section class=\"elementor-section elementor-top-section elementor-element elementor-element-751e878 elementor-section-boxed elementor-section-height-default elementor-section-height-default\" data-id=\"751e878\" data-element_type=\"section\">\n\t\t\t\t\t\t<div class=\"elementor-container elementor-column-gap-default\">\n\t\t\t\t\t<div class=\"elementor-column elementor-col-50 elementor-top-column elementor-element elementor-element-d1887fe\" data-id=\"d1887fe\" data-element_type=\"column\">\n\t\t\t<div class=\"elementor-widget-wrap elementor-element-populated\">\n\t\t\t\t\t\t<div class=\"elementor-element elementor-element-02daa94 elementor-widget elementor-widget-image\" data-id=\"02daa94\" data-element_type=\"widget\" data-widget_type=\"image.default\">\n\t\t\t\t<div class=\"elementor-widget-container\">\n\t\t\t\t\t\t\t\t\t\t\t\t\t\t\t<img fetchpriority=\"high\" decoding=\"async\" width=\"536\" height=\"412\" src=\"https:\/\/amara-marketing.com\/wp-content\/uploads\/Img-Servicio-Pronova-1.jpg\" class=\"attachment-large size-large wp-image-9363\" alt=\"\" \/>\t\t\t\t\t\t\t\t\t\t\t\t\t\t\t<\/div>\n\t\t\t\t<\/div>\n\t\t\t\t\t<\/div>\n\t\t<\/div>\n\t\t\t\t<div class=\"elementor-column elementor-col-50 elementor-top-column elementor-element elementor-element-e864527\" data-id=\"e864527\" data-element_type=\"column\">\n\t\t\t<div class=\"elementor-widget-wrap elementor-element-populated\">\n\t\t\t\t\t\t<div class=\"elementor-element elementor-element-04c8bdd elementor-widget elementor-widget-heading\" data-id=\"04c8bdd\" data-element_type=\"widget\" data-widget_type=\"heading.default\">\n\t\t\t\t<div class=\"elementor-widget-container\">\n\t\t\t\t\t<span class=\"elementor-heading-title elementor-size-default\">Cl\u00ednica Pronova<\/span>\t\t\t\t<\/div>\n\t\t\t\t<\/div>\n\t\t\t\t<div class=\"elementor-element elementor-element-097e2fc elementor-widget elementor-widget-text-editor\" data-id=\"097e2fc\" data-element_type=\"widget\" data-widget_type=\"text-editor.default\">\n\t\t\t\t<div class=\"elementor-widget-container\">\n\t\t\t\t\t\t\t\t\t<p>The objective was to continue increasing the number of visits in the long term and <strong>improving the qualification of its contacts<\/strong> so that they become <strong>real sales opportunities<\/strong>, through a sustainable and satisfactory system for the customer.<\/p>\n\t\t\t\t\t\t\t\t<\/div>\n\t\t\t\t<\/div>\n\t\t\t\t<section class=\"elementor-section elementor-inner-section elementor-element elementor-element-8730a71 elementor-section-boxed elementor-section-height-default elementor-section-height-default\" data-id=\"8730a71\" data-element_type=\"section\">\n\t\t\t\t\t\t<div class=\"elementor-container elementor-column-gap-default\">\n\t\t\t\t\t<div class=\"elementor-column elementor-col-33 elementor-inner-column elementor-element elementor-element-e5c3e8d\" data-id=\"e5c3e8d\" data-element_type=\"column\">\n\t\t\t<div class=\"elementor-widget-wrap elementor-element-populated\">\n\t\t\t\t\t\t<div class=\"elementor-element elementor-element-9ff877f elementor-widget elementor-widget-text-editor\" data-id=\"9ff877f\" data-element_type=\"widget\" data-widget_type=\"text-editor.default\">\n\t\t\t\t<div class=\"elementor-widget-container\">\n\t\t\t\t\t\t\t\t\t<span style=\"font-size: 30px; font-family: Roboto Slab; font-weight: 600\">+287%<\/span>\r\nFirst appointments\t\t\t\t\t\t\t\t<\/div>\n\t\t\t\t<\/div>\n\t\t\t\t\t<\/div>\n\t\t<\/div>\n\t\t\t\t<div class=\"elementor-column elementor-col-33 elementor-inner-column elementor-element elementor-element-d189875\" data-id=\"d189875\" data-element_type=\"column\">\n\t\t\t<div class=\"elementor-widget-wrap elementor-element-populated\">\n\t\t\t\t\t\t<div class=\"elementor-element elementor-element-c8c3230 elementor-widget elementor-widget-text-editor\" data-id=\"c8c3230\" data-element_type=\"widget\" data-widget_type=\"text-editor.default\">\n\t\t\t\t<div class=\"elementor-widget-container\">\n\t\t\t\t\t\t\t\t\t<span style=\"font-size: 30px; font-family: Roboto Slab; font-weight: 600\">+339%<\/span>\r\nSales increase\t\t\t\t\t\t\t\t<\/div>\n\t\t\t\t<\/div>\n\t\t\t\t\t<\/div>\n\t\t<\/div>\n\t\t\t\t<div class=\"elementor-column elementor-col-33 elementor-inner-column elementor-element elementor-element-15e36e1\" data-id=\"15e36e1\" data-element_type=\"column\">\n\t\t\t<div class=\"elementor-widget-wrap elementor-element-populated\">\n\t\t\t\t\t\t<div class=\"elementor-element elementor-element-eba11c6 elementor-widget elementor-widget-text-editor\" data-id=\"eba11c6\" data-element_type=\"widget\" data-widget_type=\"text-editor.default\">\n\t\t\t\t<div class=\"elementor-widget-container\">\n\t\t\t\t\t\t\t\t\t<span style=\"font-size: 30px; font-family: Roboto Slab; font-weight: 600\">x18<\/span>\r\n<br>\r\nVisits to website\t\t\t\t\t\t\t\t<\/div>\n\t\t\t\t<\/div>\n\t\t\t\t\t<\/div>\n\t\t<\/div>\n\t\t\t\t\t<\/div>\n\t\t<\/section>\n\t\t\t\t<div class=\"elementor-element elementor-element-e4980c3 elementor-widget elementor-widget-button\" data-id=\"e4980c3\" data-element_type=\"widget\" data-widget_type=\"button.default\">\n\t\t\t\t<div class=\"elementor-widget-container\">\n\t\t\t\t\t\t\t\t\t<div class=\"elementor-button-wrapper\">\n\t\t\t\t\t<a class=\"elementor-button elementor-button-link elementor-size-sm\" href=\"#\">\n\t\t\t\t\t\t<span class=\"elementor-button-content-wrapper\">\n\t\t\t\t\t\t\t\t\t<span class=\"elementor-button-text\">Read more<\/span>\n\t\t\t\t\t<\/span>\n\t\t\t\t\t<\/a>\n\t\t\t\t<\/div>\n\t\t\t\t\t\t\t\t<\/div>\n\t\t\t\t<\/div>\n\t\t\t\t\t<\/div>\n\t\t<\/div>\n\t\t\t\t\t<\/div>\n\t\t<\/section>\n\t\t\t\t<\/div>\n\t\t","protected":false},"excerpt":{"rendered":"<p>Many businesses fall into the trap of trying to cheat SEO in order to achieve better search engine rankings. But the truth is that search engines no longer consider the use of keywords to be enough. To attract visitors to your website it is necessary to go one step further: generate quality web traffic.<\/p>\n","protected":false},"author":1,"featured_media":12359,"parent":12576,"menu_order":0,"comment_status":"closed","ping_status":"closed","template":"","meta":{"content-type":"","footnotes":""},"categories":[302],"tags":[],"class_list":["post-12617","page","type-page","status-publish","has-post-thumbnail","hentry","category-solutions"],"_links":{"self":[{"href":"https:\/\/amara-marketing.com\/en\/wp-json\/wp\/v2\/pages\/12617"}],"collection":[{"href":"https:\/\/amara-marketing.com\/en\/wp-json\/wp\/v2\/pages"}],"about":[{"href":"https:\/\/amara-marketing.com\/en\/wp-json\/wp\/v2\/types\/page"}],"author":[{"embeddable":true,"href":"https:\/\/amara-marketing.com\/en\/wp-json\/wp\/v2\/users\/1"}],"replies":[{"embeddable":true,"href":"https:\/\/amara-marketing.com\/en\/wp-json\/wp\/v2\/comments?post=12617"}],"version-history":[{"count":0,"href":"https:\/\/amara-marketing.com\/en\/wp-json\/wp\/v2\/pages\/12617\/revisions"}],"up":[{"embeddable":true,"href":"https:\/\/amara-marketing.com\/en\/wp-json\/wp\/v2\/pages\/12576"}],"wp:featuredmedia":[{"embeddable":true,"href":"https:\/\/amara-marketing.com\/en\/wp-json\/wp\/v2\/media\/12359"}],"wp:attachment":[{"href":"https:\/\/amara-marketing.com\/en\/wp-json\/wp\/v2\/media?parent=12617"}],"wp:term":[{"taxonomy":"category","embeddable":true,"href":"https:\/\/amara-marketing.com\/en\/wp-json\/wp\/v2\/categories?post=12617"},{"taxonomy":"post_tag","embeddable":true,"href":"https:\/\/amara-marketing.com\/en\/wp-json\/wp\/v2\/tags?post=12617"}],"curies":[{"name":"wp","href":"https:\/\/api.w.org\/{rel}","templated":true}]}}