{"id":12619,"date":"2023-04-03T09:22:22","date_gmt":"2023-04-03T09:22:22","guid":{"rendered":"https:\/\/amaraproyectos.com\/amara\/marketing-solutions\/internationalising-your-company\/"},"modified":"2023-04-09T17:58:52","modified_gmt":"2023-04-09T17:58:52","slug":"internationalize-company","status":"publish","type":"page","link":"https:\/\/amara-marketing.com\/en\/solutions\/internationalize-company\/","title":{"rendered":"Internationalising your company"},"content":{"rendered":"\t\t<div data-elementor-type=\"wp-page\" data-elementor-id=\"12619\" class=\"elementor elementor-12619 elementor-5601\">\n\t\t\t\t\t\t<section class=\"elementor-section elementor-top-section elementor-element elementor-element-d2c61b5 elementor-section-boxed elementor-section-height-default elementor-section-height-default\" data-id=\"d2c61b5\" data-element_type=\"section\">\n\t\t\t\t\t\t<div class=\"elementor-container elementor-column-gap-default\">\n\t\t\t\t\t<div class=\"elementor-column elementor-col-100 elementor-top-column elementor-element elementor-element-173b2c3\" data-id=\"173b2c3\" data-element_type=\"column\">\n\t\t\t<div class=\"elementor-widget-wrap elementor-element-populated\">\n\t\t\t\t\t\t<div class=\"elementor-element elementor-element-36e1f57 elementor-widget elementor-widget-text-editor\" data-id=\"36e1f57\" data-element_type=\"widget\" data-widget_type=\"text-editor.default\">\n\t\t\t\t<div class=\"elementor-widget-container\">\n\t\t\t\t\t\t\t\t\t<p>Tu empresa se est\u00e1 desempe\u00f1ando bien en tu pa\u00eds de origen, tienes el equilibrio correcto entre los clientes existentes y los nuevos clientes potenciales, tu ROI tiene buenos niveles y todo fluye sin problemas.<\/p>\n<p>Tal vez, te sientas lo suficientemente seguro de que has decidido internacionalizar tu negocio o, por el contrario, deseas probar este nuevo desaf\u00edo para darle a tu empresa nuevas perspectivas interesantes y aumentar tus ingresos.<\/p>\n<p>Hace 30 a\u00f1os atr\u00e1s, si quer\u00edas llegar a mercados extranjeros y ampliar tu red, era necesario asistir a ferias y congresos, capacitar y reubicar a los miembros de tu equipo de ventas y utilizar gran parte de tus recursos para sufragar los costes. Muchas empresas enfrentaron este desaf\u00edo, conscientes de que este proceso tuvo resultados inciertos y asegur\u00f3 la explotaci\u00f3n de tus mejores activos.<\/p>\n<p>Si has llegado hasta aqu\u00ed, ciertamente tienes buenas razones para ir al extranjero con tu empresa, especialmente si te dedicas al comercio electr\u00f3nico. La buena noticia es que la tecnolog\u00eda moderna est\u00e1 de tu lado y nosotros tambi\u00e9n.<\/p>\n<p>Gracias a nuestra eficiente metodolog\u00eda de marketing Inbound, te ayudaremos a posicionarte en el mercado elegido utilizando los mejores contenidos personalizados, adapt\u00e1ndolos a las necesidades y patrones de compra de la audiencia extranjera y, por supuesto, ayud\u00e1ndote durante todo el proceso para realizar los ajustes adecuados a la estrategia.<\/p>\n<p>Para internacionalizar una empresa, es vital en primer lugar llevar a cabo un estudio interno de tu negocio, repensando las estrategias y recursos de marketing. Por ejemplo, podr\u00eda ser necesario preparar tu sitio web para el p\u00fablico internacional, as\u00ed como realizar un estudio profundo de las palabras clave y desarrollar nuevas campa\u00f1as para lanzarlas al extranjero.<\/p>\n<p>Estas operaciones requieren conocimientos t\u00e9cnicos y soporte creativo al mismo tiempo, por este motivo, debes contar con un equipo de profesionales de marketing para ayudarte a abordar con \u00e9xito cualquier mercado extranjero.\u00a0<\/p>\n\t\t\t\t\t\t\t\t<\/div>\n\t\t\t\t<\/div>\n\t\t\t\t\t<\/div>\n\t\t<\/div>\n\t\t\t\t\t<\/div>\n\t\t<\/section>\n\t\t\t\t<section class=\"elementor-section elementor-top-section elementor-element elementor-element-a27dc6e elementor-section-boxed elementor-section-height-default elementor-section-height-default\" data-id=\"a27dc6e\" data-element_type=\"section\">\n\t\t\t\t\t\t<div class=\"elementor-container elementor-column-gap-default\">\n\t\t\t\t\t<div class=\"elementor-column elementor-col-100 elementor-top-column elementor-element elementor-element-ab4585e\" data-id=\"ab4585e\" data-element_type=\"column\">\n\t\t\t<div class=\"elementor-widget-wrap elementor-element-populated\">\n\t\t\t\t\t\t<div class=\"elementor-element elementor-element-bdc1449 elementor-widget elementor-widget-image\" data-id=\"bdc1449\" data-element_type=\"widget\" data-widget_type=\"image.default\">\n\t\t\t\t<div class=\"elementor-widget-container\">\n\t\t\t\t\t\t\t\t\t\t\t\t\t\t\t<img decoding=\"async\" width=\"91\" height=\"8\" src=\"https:\/\/amara-marketing.com\/wp-content\/uploads\/Email-Linea-Decorativa.png\" class=\"attachment-large size-large wp-image-10292\" alt=\"\" \/>\t\t\t\t\t\t\t\t\t\t\t\t\t\t\t<\/div>\n\t\t\t\t<\/div>\n\t\t\t\t\t<\/div>\n\t\t<\/div>\n\t\t\t\t\t<\/div>\n\t\t<\/section>\n\t\t\t\t<section class=\"elementor-section elementor-top-section elementor-element elementor-element-3750abe elementor-section-boxed elementor-section-height-default elementor-section-height-default\" data-id=\"3750abe\" data-element_type=\"section\">\n\t\t\t\t\t\t<div class=\"elementor-container elementor-column-gap-default\">\n\t\t\t\t\t<div class=\"elementor-column elementor-col-100 elementor-top-column elementor-element elementor-element-ce04f7f\" data-id=\"ce04f7f\" data-element_type=\"column\">\n\t\t\t<div class=\"elementor-widget-wrap elementor-element-populated\">\n\t\t\t\t\t\t<div class=\"elementor-element elementor-element-2d42990 elementor-widget elementor-widget-heading\" data-id=\"2d42990\" data-element_type=\"widget\" data-widget_type=\"heading.default\">\n\t\t\t\t<div class=\"elementor-widget-container\">\n\t\t\t\t\t<h2 class=\"elementor-heading-title elementor-size-default\">Ask us for a free consulting session<\/h2>\t\t\t\t<\/div>\n\t\t\t\t<\/div>\n\t\t\t\t\t<\/div>\n\t\t<\/div>\n\t\t\t\t\t<\/div>\n\t\t<\/section>\n\t\t\t\t<section class=\"elementor-section elementor-top-section elementor-element elementor-element-921a434 elementor-section-boxed elementor-section-height-default elementor-section-height-default\" data-id=\"921a434\" data-element_type=\"section\">\n\t\t\t\t\t\t<div class=\"elementor-container elementor-column-gap-default\">\n\t\t\t\t\t<div class=\"elementor-column elementor-col-33 elementor-top-column elementor-element elementor-element-85572c4\" data-id=\"85572c4\" data-element_type=\"column\">\n\t\t\t<div class=\"elementor-widget-wrap elementor-element-populated\">\n\t\t\t\t\t\t<div class=\"elementor-element elementor-element-05649a2 elementor-widget elementor-widget-image\" data-id=\"05649a2\" data-element_type=\"widget\" data-widget_type=\"image.default\">\n\t\t\t\t<div class=\"elementor-widget-container\">\n\t\t\t\t\t\t\t\t\t\t\t\t\t\t\t<img decoding=\"async\" src=\"https:\/\/amara-marketing.com\/wp-content\/plugins\/elementor\/assets\/images\/placeholder.png\" title=\"\" alt=\"\" loading=\"lazy\" \/>\t\t\t\t\t\t\t\t\t\t\t\t\t\t\t<\/div>\n\t\t\t\t<\/div>\n\t\t\t\t<div class=\"elementor-element elementor-element-cfb01e9 elementor-widget elementor-widget-heading\" data-id=\"cfb01e9\" data-element_type=\"widget\" data-widget_type=\"heading.default\">\n\t\t\t\t<div class=\"elementor-widget-container\">\n\t\t\t\t\t<span class=\"elementor-heading-title elementor-size-default\">New geographic markets<\/span>\t\t\t\t<\/div>\n\t\t\t\t<\/div>\n\t\t\t\t<div class=\"elementor-element elementor-element-ae920cc elementor-widget elementor-widget-text-editor\" data-id=\"ae920cc\" data-element_type=\"widget\" data-widget_type=\"text-editor.default\">\n\t\t\t\t<div class=\"elementor-widget-container\">\n\t\t\t\t\t\t\t\t\t<p>With the right online strategy you will be able to expand your geographic reach and your ideal customers. You will even be able to expand your audience to new targets.<\/p>\n\t\t\t\t\t\t\t\t<\/div>\n\t\t\t\t<\/div>\n\t\t\t\t\t<\/div>\n\t\t<\/div>\n\t\t\t\t<div class=\"elementor-column elementor-col-33 elementor-top-column elementor-element elementor-element-9ab9ddf\" data-id=\"9ab9ddf\" data-element_type=\"column\">\n\t\t\t<div class=\"elementor-widget-wrap elementor-element-populated\">\n\t\t\t\t\t\t<div class=\"elementor-element elementor-element-eb3c61b elementor-widget elementor-widget-image\" data-id=\"eb3c61b\" data-element_type=\"widget\" data-widget_type=\"image.default\">\n\t\t\t\t<div class=\"elementor-widget-container\">\n\t\t\t\t\t\t\t\t\t\t\t\t\t\t\t<img decoding=\"async\" src=\"https:\/\/amara-marketing.com\/wp-content\/plugins\/elementor\/assets\/images\/placeholder.png\" title=\"\" alt=\"\" loading=\"lazy\" \/>\t\t\t\t\t\t\t\t\t\t\t\t\t\t\t<\/div>\n\t\t\t\t<\/div>\n\t\t\t\t<div class=\"elementor-element elementor-element-c43bb16 elementor-widget elementor-widget-heading\" data-id=\"c43bb16\" data-element_type=\"widget\" data-widget_type=\"heading.default\">\n\t\t\t\t<div class=\"elementor-widget-container\">\n\t\t\t\t\t<span class=\"elementor-heading-title elementor-size-default\">Value of your business<\/span>\t\t\t\t<\/div>\n\t\t\t\t<\/div>\n\t\t\t\t<div class=\"elementor-element elementor-element-c9f8b7c elementor-widget elementor-widget-text-editor\" data-id=\"c9f8b7c\" data-element_type=\"widget\" data-widget_type=\"text-editor.default\">\n\t\t\t\t<div class=\"elementor-widget-container\">\n\t\t\t\t\t\t\t\t\t<p>Your company&#8217;s image will acquire an international value that will reinforce your image in your home country.<\/p>\n<p>The image of your company will acquire an international value that will reinforce your image in your home country.<\/p>\n\t\t\t\t\t\t\t\t<\/div>\n\t\t\t\t<\/div>\n\t\t\t\t\t<\/div>\n\t\t<\/div>\n\t\t\t\t<div class=\"elementor-column elementor-col-33 elementor-top-column elementor-element elementor-element-5c258ea\" data-id=\"5c258ea\" data-element_type=\"column\">\n\t\t\t<div class=\"elementor-widget-wrap elementor-element-populated\">\n\t\t\t\t\t\t<div class=\"elementor-element elementor-element-7a3219d elementor-widget elementor-widget-image\" data-id=\"7a3219d\" data-element_type=\"widget\" data-widget_type=\"image.default\">\n\t\t\t\t<div class=\"elementor-widget-container\">\n\t\t\t\t\t\t\t\t\t\t\t\t\t\t\t<img decoding=\"async\" src=\"https:\/\/amara-marketing.com\/wp-content\/plugins\/elementor\/assets\/images\/placeholder.png\" title=\"\" alt=\"\" loading=\"lazy\" \/>\t\t\t\t\t\t\t\t\t\t\t\t\t\t\t<\/div>\n\t\t\t\t<\/div>\n\t\t\t\t<div class=\"elementor-element elementor-element-eb9db99 elementor-widget elementor-widget-heading\" data-id=\"eb9db99\" data-element_type=\"widget\" data-widget_type=\"heading.default\">\n\t\t\t\t<div class=\"elementor-widget-container\">\n\t\t\t\t\t<span class=\"elementor-heading-title elementor-size-default\">Growth opportunities<\/span>\t\t\t\t<\/div>\n\t\t\t\t<\/div>\n\t\t\t\t<div class=\"elementor-element elementor-element-bacaa25 elementor-widget elementor-widget-text-editor\" data-id=\"bacaa25\" data-element_type=\"widget\" data-widget_type=\"text-editor.default\">\n\t\t\t\t<div class=\"elementor-widget-container\">\n\t\t\t\t\t\t\t\t\t<p>Entering into different markets will allow you to find new opportunities to grow your organization.<\/p>\n\t\t\t\t\t\t\t\t<\/div>\n\t\t\t\t<\/div>\n\t\t\t\t\t<\/div>\n\t\t<\/div>\n\t\t\t\t\t<\/div>\n\t\t<\/section>\n\t\t\t\t<\/div>\n\t\t","protected":false},"excerpt":{"rendered":"<p>The reach of the Internet will help your company to internationalize. Having a team of marketing professionals is key to do it in time and with guarantees of success.<\/p>\n","protected":false},"author":1,"featured_media":12364,"parent":12576,"menu_order":0,"comment_status":"closed","ping_status":"closed","template":"","meta":{"content-type":"","footnotes":""},"categories":[302],"tags":[],"class_list":["post-12619","page","type-page","status-publish","has-post-thumbnail","hentry","category-solutions"],"_links":{"self":[{"href":"https:\/\/amara-marketing.com\/en\/wp-json\/wp\/v2\/pages\/12619"}],"collection":[{"href":"https:\/\/amara-marketing.com\/en\/wp-json\/wp\/v2\/pages"}],"about":[{"href":"https:\/\/amara-marketing.com\/en\/wp-json\/wp\/v2\/types\/page"}],"author":[{"embeddable":true,"href":"https:\/\/amara-marketing.com\/en\/wp-json\/wp\/v2\/users\/1"}],"replies":[{"embeddable":true,"href":"https:\/\/amara-marketing.com\/en\/wp-json\/wp\/v2\/comments?post=12619"}],"version-history":[{"count":0,"href":"https:\/\/amara-marketing.com\/en\/wp-json\/wp\/v2\/pages\/12619\/revisions"}],"up":[{"embeddable":true,"href":"https:\/\/amara-marketing.com\/en\/wp-json\/wp\/v2\/pages\/12576"}],"wp:featuredmedia":[{"embeddable":true,"href":"https:\/\/amara-marketing.com\/en\/wp-json\/wp\/v2\/media\/12364"}],"wp:attachment":[{"href":"https:\/\/amara-marketing.com\/en\/wp-json\/wp\/v2\/media?parent=12619"}],"wp:term":[{"taxonomy":"category","embeddable":true,"href":"https:\/\/amara-marketing.com\/en\/wp-json\/wp\/v2\/categories?post=12619"},{"taxonomy":"post_tag","embeddable":true,"href":"https:\/\/amara-marketing.com\/en\/wp-json\/wp\/v2\/tags?post=12619"}],"curies":[{"name":"wp","href":"https:\/\/api.w.org\/{rel}","templated":true}]}}