{"id":12623,"date":"2023-04-03T08:59:32","date_gmt":"2023-04-03T08:59:32","guid":{"rendered":"https:\/\/amaraproyectos.com\/amara\/marketing-solutions\/improve-closing-ratios\/"},"modified":"2023-04-09T07:54:55","modified_gmt":"2023-04-09T07:54:55","slug":"improve-closing-ratios","status":"publish","type":"page","link":"https:\/\/amara-marketing.com\/en\/solutions\/improve-closing-ratios\/","title":{"rendered":"Improve closing ratios"},"content":{"rendered":"\t\t<div data-elementor-type=\"wp-page\" data-elementor-id=\"12623\" class=\"elementor elementor-12623 elementor-5584\">\n\t\t\t\t\t\t<section class=\"elementor-section elementor-top-section elementor-element elementor-element-d2c61b5 elementor-section-boxed elementor-section-height-default elementor-section-height-default\" data-id=\"d2c61b5\" data-element_type=\"section\">\n\t\t\t\t\t\t<div class=\"elementor-container elementor-column-gap-default\">\n\t\t\t\t\t<div class=\"elementor-column elementor-col-100 elementor-top-column elementor-element elementor-element-173b2c3\" data-id=\"173b2c3\" data-element_type=\"column\">\n\t\t\t<div class=\"elementor-widget-wrap elementor-element-populated\">\n\t\t\t\t\t\t<div class=\"elementor-element elementor-element-36e1f57 elementor-widget elementor-widget-text-editor\" data-id=\"36e1f57\" data-element_type=\"widget\" data-widget_type=\"text-editor.default\">\n\t\t\t\t<div class=\"elementor-widget-container\">\n\t\t\t\t\t\t\t\t\t<p>Dado que la cantidad de clientes potenciales (leads) no indica cu\u00e1ntos de ellos proceder\u00e1n en el buyer\u2019s journey para realizar una compra, es importante obtener clientes potenciales valiosos que tengan m\u00e1s probabilidades de convertirse en clientes. El proceso de mejorar las tasas de cierre de cualquier negocio requiere un conjunto de acciones adaptadas a tus necesidades, audiencia espec\u00edfica, recursos y estructura del <\/p>\n<p>Since the number of leads does not indicate how many of them will proceed through the buyer&#8217;s journey to make a purchase, it is important to obtain valuable leads that are more likely to convert into customers. The process of improving the closing rates of any business requires a set of actions tailored to your needs, specific audience, resources and team structure.<\/p>\n<p>We start by designing or improving the value proposition for your company, then we create original content that represents relevant material to your potential customers. During this phase of the buyer&#8217;s journey, our strategy targets the best possible audience for your business, whose profiled characteristics are backed by market research, social media monitoring and industry knowledge.<\/p>\n<p>Once we&#8217;ve provided users with the right, comprehensive information, including brilliant and captivating success stories about the company, your prospects are ready to move to the next phase: they&#8217;ve become qualified leads.<\/p>\n<p>Now it&#8217;s time to give your sales team the right tools to close the purchase. Email nurturing, webinars and demos are just some of the tools we offer to finally get your prospects to choose you for your professionalism, value and ability to solve their problems.<\/p>\n<p>Remember that people trust real people more than companies, so a well-trained and experienced sales team will make every lead a success for your revenue, creating a virtuous cycle for your company&#8217;s growth by increasing your close rates.<\/p>\n<p>equipo.<\/p>\n<p>Comenzamos dise\u00f1ando o mejorando la propuesta de valor para tu empresa, luego creamos contenidos originales que representan material relevante para sus clientes potenciales. Durante esta fase del buyer\u2019s journey, nuestra estrategia se dirige a la mejor audiencia posible para tu negocio, cuyas caracter\u00edsticas perfiladas est\u00e1n respaldadas por estudios de mercado, monitoreo de redes sociales y conocimiento de la industria.<\/p>\n<p>Una vez que hemos proporcionado a los usuarios la informaci\u00f3n correcta y exhaustiva, incluidas historias de \u00e9xito brillantes y cautivadoras sobre la compa\u00f1\u00eda, tus prospectos est\u00e1n listos para pasar a la siguiente fase: se han convertido en clientes potenciales calificados.<\/p>\n<p>Ahora es el momento de darle a tu equipo de ventas las herramientas adecuadas para cerrar la compra. El fomento del correo electr\u00f3nico, los seminarios web y las demostraciones son solo algunos de los instrumentos que ofrecemos para que finalmente tus clientes potenciales te elijan por tu profesionalidad, valor y capacidad para resolver sus problemas.<\/p>\n<p>Recuerda que la gente conf\u00eda en personas reales m\u00e1s que en empresas, por ello, un equipo de ventas bien capacitado y experimentado har\u00e1 que cada prospecto sea un \u00e9xito para tus ingresos, generando un c\u00edrculo virtuoso para el crecimiento de tu empresa al aumentar tus tasas de cierre.<\/p>\n\t\t\t\t\t\t\t\t<\/div>\n\t\t\t\t<\/div>\n\t\t\t\t\t<\/div>\n\t\t<\/div>\n\t\t\t\t\t<\/div>\n\t\t<\/section>\n\t\t\t\t<section class=\"elementor-section elementor-top-section elementor-element elementor-element-5220474 elementor-section-full_width elementor-section-height-default elementor-section-height-default\" data-id=\"5220474\" data-element_type=\"section\">\n\t\t\t\t\t\t<div class=\"elementor-container elementor-column-gap-default\">\n\t\t\t\t\t<div class=\"elementor-column elementor-col-100 elementor-top-column elementor-element elementor-element-cd17e13\" data-id=\"cd17e13\" data-element_type=\"column\">\n\t\t\t<div class=\"elementor-widget-wrap elementor-element-populated\">\n\t\t\t\t\t\t\t<\/div>\n\t\t<\/div>\n\t\t\t\t\t<\/div>\n\t\t<\/section>\n\t\t\t\t<section class=\"elementor-section elementor-top-section elementor-element elementor-element-3750abe elementor-section-boxed elementor-section-height-default elementor-section-height-default\" data-id=\"3750abe\" data-element_type=\"section\">\n\t\t\t\t\t\t<div class=\"elementor-container elementor-column-gap-default\">\n\t\t\t\t\t<div class=\"elementor-column elementor-col-100 elementor-top-column elementor-element elementor-element-ce04f7f\" data-id=\"ce04f7f\" data-element_type=\"column\">\n\t\t\t<div class=\"elementor-widget-wrap elementor-element-populated\">\n\t\t\t\t\t\t<div class=\"elementor-element elementor-element-2d42990 elementor-widget elementor-widget-heading\" data-id=\"2d42990\" data-element_type=\"widget\" data-widget_type=\"heading.default\">\n\t\t\t\t<div class=\"elementor-widget-container\">\n\t\t\t\t\t<h2 class=\"elementor-heading-title elementor-size-default\">Ask us for a free consulting session<\/h2>\t\t\t\t<\/div>\n\t\t\t\t<\/div>\n\t\t\t\t\t<\/div>\n\t\t<\/div>\n\t\t\t\t\t<\/div>\n\t\t<\/section>\n\t\t\t\t<section class=\"elementor-section elementor-top-section elementor-element elementor-element-3d0ec5b elementor-section-boxed elementor-section-height-default elementor-section-height-default\" data-id=\"3d0ec5b\" data-element_type=\"section\">\n\t\t\t\t\t\t<div class=\"elementor-container elementor-column-gap-default\">\n\t\t\t\t\t<div class=\"elementor-column elementor-col-33 elementor-top-column elementor-element elementor-element-235132f\" data-id=\"235132f\" data-element_type=\"column\">\n\t\t\t<div class=\"elementor-widget-wrap elementor-element-populated\">\n\t\t\t\t\t\t<div class=\"elementor-element elementor-element-91d00d1 elementor-widget elementor-widget-image\" data-id=\"91d00d1\" data-element_type=\"widget\" data-widget_type=\"image.default\">\n\t\t\t\t<div class=\"elementor-widget-container\">\n\t\t\t\t\t\t\t\t\t\t\t\t\t\t\t<img decoding=\"async\" src=\"https:\/\/amara-marketing.com\/wp-content\/plugins\/elementor\/assets\/images\/placeholder.png\" title=\"\" alt=\"\" loading=\"lazy\" \/>\t\t\t\t\t\t\t\t\t\t\t\t\t\t\t<\/div>\n\t\t\t\t<\/div>\n\t\t\t\t<div class=\"elementor-element elementor-element-07d24b6 elementor-widget elementor-widget-heading\" data-id=\"07d24b6\" data-element_type=\"widget\" data-widget_type=\"heading.default\">\n\t\t\t\t<div class=\"elementor-widget-container\">\n\t\t\t\t\t<span class=\"elementor-heading-title elementor-size-default\">A new approach to your sales team<\/span>\t\t\t\t<\/div>\n\t\t\t\t<\/div>\n\t\t\t\t<div class=\"elementor-element elementor-element-7b2e41d elementor-widget elementor-widget-text-editor\" data-id=\"7b2e41d\" data-element_type=\"widget\" data-widget_type=\"text-editor.default\">\n\t\t\t\t<div class=\"elementor-widget-container\">\n\t\t\t\t\t\t\t\t\t<p>Customers today are looking for more than just salespeople: they are looking for trusted professionals with authority in their industry. Now is the time to position your salespeople as true specialists.<\/p>\n\t\t\t\t\t\t\t\t<\/div>\n\t\t\t\t<\/div>\n\t\t\t\t\t<\/div>\n\t\t<\/div>\n\t\t\t\t<div class=\"elementor-column elementor-col-33 elementor-top-column elementor-element elementor-element-afdc69a\" data-id=\"afdc69a\" data-element_type=\"column\">\n\t\t\t<div class=\"elementor-widget-wrap elementor-element-populated\">\n\t\t\t\t\t\t<div class=\"elementor-element elementor-element-6c8ad57 elementor-widget elementor-widget-image\" data-id=\"6c8ad57\" data-element_type=\"widget\" data-widget_type=\"image.default\">\n\t\t\t\t<div class=\"elementor-widget-container\">\n\t\t\t\t\t\t\t\t\t\t\t\t\t\t\t<img decoding=\"async\" src=\"https:\/\/amara-marketing.com\/wp-content\/plugins\/elementor\/assets\/images\/placeholder.png\" title=\"\" alt=\"\" loading=\"lazy\" \/>\t\t\t\t\t\t\t\t\t\t\t\t\t\t\t<\/div>\n\t\t\t\t<\/div>\n\t\t\t\t<div class=\"elementor-element elementor-element-ecbd145 elementor-widget elementor-widget-heading\" data-id=\"ecbd145\" data-element_type=\"widget\" data-widget_type=\"heading.default\">\n\t\t\t\t<div class=\"elementor-widget-container\">\n\t\t\t\t\t<span class=\"elementor-heading-title elementor-size-default\">Position yourself as an expert<\/span>\t\t\t\t<\/div>\n\t\t\t\t<\/div>\n\t\t\t\t<div class=\"elementor-element elementor-element-888b3e1 elementor-widget elementor-widget-text-editor\" data-id=\"888b3e1\" data-element_type=\"widget\" data-widget_type=\"text-editor.default\">\n\t\t\t\t<div class=\"elementor-widget-container\">\n\t\t\t\t\t\t\t\t\t<p>If your company is struggling to close sales, you need to think of new strategies to get all your teams aligned and agree to achieve certain goals. For example, rethinking buyer personas or redefining conversion tunnels.<\/p>\n\t\t\t\t\t\t\t\t<\/div>\n\t\t\t\t<\/div>\n\t\t\t\t\t<\/div>\n\t\t<\/div>\n\t\t\t\t<div class=\"elementor-column elementor-col-33 elementor-top-column elementor-element elementor-element-5d2f947\" data-id=\"5d2f947\" data-element_type=\"column\">\n\t\t\t<div class=\"elementor-widget-wrap elementor-element-populated\">\n\t\t\t\t\t\t<div class=\"elementor-element elementor-element-800ca8a elementor-widget elementor-widget-image\" data-id=\"800ca8a\" data-element_type=\"widget\" data-widget_type=\"image.default\">\n\t\t\t\t<div class=\"elementor-widget-container\">\n\t\t\t\t\t\t\t\t\t\t\t\t\t\t\t<img decoding=\"async\" src=\"https:\/\/amara-marketing.com\/wp-content\/plugins\/elementor\/assets\/images\/placeholder.png\" title=\"\" alt=\"\" loading=\"lazy\" \/>\t\t\t\t\t\t\t\t\t\t\t\t\t\t\t<\/div>\n\t\t\t\t<\/div>\n\t\t\t\t<div class=\"elementor-element elementor-element-7e89794 elementor-widget elementor-widget-heading\" data-id=\"7e89794\" data-element_type=\"widget\" data-widget_type=\"heading.default\">\n\t\t\t\t<div class=\"elementor-widget-container\">\n\t\t\t\t\t<span class=\"elementor-heading-title elementor-size-default\">Reach new segments<\/span>\t\t\t\t<\/div>\n\t\t\t\t<\/div>\n\t\t\t\t<div class=\"elementor-element elementor-element-8d2e6ee elementor-widget elementor-widget-text-editor\" data-id=\"8d2e6ee\" data-element_type=\"widget\" data-widget_type=\"text-editor.default\">\n\t\t\t\t<div class=\"elementor-widget-container\">\n\t\t\t\t\t\t\t\t\t<p>After analyzing your sales situation, you will be able to adjust your new strategy to your vision and also to your company&#8217;s current situation.<\/p>\n\t\t\t\t\t\t\t\t<\/div>\n\t\t\t\t<\/div>\n\t\t\t\t\t<\/div>\n\t\t<\/div>\n\t\t\t\t\t<\/div>\n\t\t<\/section>\n\t\t\t\t<section class=\"elementor-section elementor-top-section elementor-element elementor-element-751e878 elementor-section-boxed elementor-section-height-default elementor-section-height-default\" data-id=\"751e878\" data-element_type=\"section\">\n\t\t\t\t\t\t<div class=\"elementor-container elementor-column-gap-default\">\n\t\t\t\t\t<div class=\"elementor-column elementor-col-50 elementor-top-column elementor-element elementor-element-d1887fe\" data-id=\"d1887fe\" data-element_type=\"column\">\n\t\t\t<div class=\"elementor-widget-wrap elementor-element-populated\">\n\t\t\t\t\t\t<div class=\"elementor-element elementor-element-02daa94 elementor-widget elementor-widget-image\" data-id=\"02daa94\" data-element_type=\"widget\" data-widget_type=\"image.default\">\n\t\t\t\t<div class=\"elementor-widget-container\">\n\t\t\t\t\t\t\t\t\t\t\t\t\t\t\t<img fetchpriority=\"high\" decoding=\"async\" width=\"536\" height=\"412\" src=\"https:\/\/amara-marketing.com\/wp-content\/uploads\/Img-Servicio-Pronova-1.jpg\" class=\"attachment-large size-large wp-image-9363\" alt=\"\" \/>\t\t\t\t\t\t\t\t\t\t\t\t\t\t\t<\/div>\n\t\t\t\t<\/div>\n\t\t\t\t\t<\/div>\n\t\t<\/div>\n\t\t\t\t<div class=\"elementor-column elementor-col-50 elementor-top-column elementor-element elementor-element-e864527\" data-id=\"e864527\" data-element_type=\"column\">\n\t\t\t<div class=\"elementor-widget-wrap elementor-element-populated\">\n\t\t\t\t\t\t<div class=\"elementor-element elementor-element-04c8bdd elementor-widget elementor-widget-heading\" data-id=\"04c8bdd\" data-element_type=\"widget\" data-widget_type=\"heading.default\">\n\t\t\t\t<div class=\"elementor-widget-container\">\n\t\t\t\t\t<span class=\"elementor-heading-title elementor-size-default\">Cl\u00ednica Pronova<\/span>\t\t\t\t<\/div>\n\t\t\t\t<\/div>\n\t\t\t\t<div class=\"elementor-element elementor-element-097e2fc elementor-widget elementor-widget-text-editor\" data-id=\"097e2fc\" data-element_type=\"widget\" data-widget_type=\"text-editor.default\">\n\t\t\t\t<div class=\"elementor-widget-container\">\n\t\t\t\t\t\t\t\t\t<p>The objective was to continue increasing the number of visits in the long term and <strong>improving the qualification of its contacts<\/strong> so that they become <strong>real sales opportunities<\/strong>, through a sustainable and satisfactory system for the customer.<\/p>\n\t\t\t\t\t\t\t\t<\/div>\n\t\t\t\t<\/div>\n\t\t\t\t<section class=\"elementor-section elementor-inner-section elementor-element elementor-element-8730a71 elementor-section-boxed elementor-section-height-default elementor-section-height-default\" data-id=\"8730a71\" data-element_type=\"section\">\n\t\t\t\t\t\t<div class=\"elementor-container elementor-column-gap-default\">\n\t\t\t\t\t<div class=\"elementor-column elementor-col-33 elementor-inner-column elementor-element elementor-element-e5c3e8d\" data-id=\"e5c3e8d\" data-element_type=\"column\">\n\t\t\t<div class=\"elementor-widget-wrap elementor-element-populated\">\n\t\t\t\t\t\t<div class=\"elementor-element elementor-element-9ff877f elementor-widget elementor-widget-text-editor\" data-id=\"9ff877f\" data-element_type=\"widget\" data-widget_type=\"text-editor.default\">\n\t\t\t\t<div class=\"elementor-widget-container\">\n\t\t\t\t\t\t\t\t\t<span style=\"font-size: 30px; font-family: Roboto Slab; font-weight: 600\">+287%<\/span>\r\nFirst appointments\t\t\t\t\t\t\t\t<\/div>\n\t\t\t\t<\/div>\n\t\t\t\t\t<\/div>\n\t\t<\/div>\n\t\t\t\t<div class=\"elementor-column elementor-col-33 elementor-inner-column elementor-element elementor-element-d189875\" data-id=\"d189875\" data-element_type=\"column\">\n\t\t\t<div class=\"elementor-widget-wrap elementor-element-populated\">\n\t\t\t\t\t\t<div class=\"elementor-element elementor-element-c8c3230 elementor-widget elementor-widget-text-editor\" data-id=\"c8c3230\" data-element_type=\"widget\" data-widget_type=\"text-editor.default\">\n\t\t\t\t<div class=\"elementor-widget-container\">\n\t\t\t\t\t\t\t\t\t<span style=\"font-size: 30px; font-family: Roboto Slab; font-weight: 600\">+339%<\/span>\r\nSales increase\t\t\t\t\t\t\t\t<\/div>\n\t\t\t\t<\/div>\n\t\t\t\t\t<\/div>\n\t\t<\/div>\n\t\t\t\t<div class=\"elementor-column elementor-col-33 elementor-inner-column elementor-element elementor-element-15e36e1\" data-id=\"15e36e1\" data-element_type=\"column\">\n\t\t\t<div class=\"elementor-widget-wrap elementor-element-populated\">\n\t\t\t\t\t\t<div class=\"elementor-element elementor-element-eba11c6 elementor-widget elementor-widget-text-editor\" data-id=\"eba11c6\" data-element_type=\"widget\" data-widget_type=\"text-editor.default\">\n\t\t\t\t<div class=\"elementor-widget-container\">\n\t\t\t\t\t\t\t\t\t<span style=\"font-size: 30px; font-family: Roboto Slab; font-weight: 600\">x18<\/span>\r\n<br>\r\nVisits to website\t\t\t\t\t\t\t\t<\/div>\n\t\t\t\t<\/div>\n\t\t\t\t\t<\/div>\n\t\t<\/div>\n\t\t\t\t\t<\/div>\n\t\t<\/section>\n\t\t\t\t<div class=\"elementor-element elementor-element-e4980c3 elementor-widget elementor-widget-button\" data-id=\"e4980c3\" data-element_type=\"widget\" data-widget_type=\"button.default\">\n\t\t\t\t<div class=\"elementor-widget-container\">\n\t\t\t\t\t\t\t\t\t<div class=\"elementor-button-wrapper\">\n\t\t\t\t\t<a class=\"elementor-button elementor-button-link elementor-size-sm\" href=\"#\">\n\t\t\t\t\t\t<span class=\"elementor-button-content-wrapper\">\n\t\t\t\t\t\t\t\t\t<span class=\"elementor-button-text\">Read more<\/span>\n\t\t\t\t\t<\/span>\n\t\t\t\t\t<\/a>\n\t\t\t\t<\/div>\n\t\t\t\t\t\t\t\t<\/div>\n\t\t\t\t<\/div>\n\t\t\t\t\t<\/div>\n\t\t<\/div>\n\t\t\t\t\t<\/div>\n\t\t<\/section>\n\t\t\t\t<\/div>\n\t\t","protected":false},"excerpt":{"rendered":"<p>When it comes to close rates, quantity is just as important as quality. Your company can have a great website that performs well and generates lots of leads, but if those leads don&#8217;t convert into sales, it&#8217;s time to review your strategy.<\/p>\n","protected":false},"author":1,"featured_media":12354,"parent":12576,"menu_order":0,"comment_status":"closed","ping_status":"closed","template":"","meta":{"content-type":"","footnotes":""},"categories":[302],"tags":[],"class_list":["post-12623","page","type-page","status-publish","has-post-thumbnail","hentry","category-solutions"],"_links":{"self":[{"href":"https:\/\/amara-marketing.com\/en\/wp-json\/wp\/v2\/pages\/12623"}],"collection":[{"href":"https:\/\/amara-marketing.com\/en\/wp-json\/wp\/v2\/pages"}],"about":[{"href":"https:\/\/amara-marketing.com\/en\/wp-json\/wp\/v2\/types\/page"}],"author":[{"embeddable":true,"href":"https:\/\/amara-marketing.com\/en\/wp-json\/wp\/v2\/users\/1"}],"replies":[{"embeddable":true,"href":"https:\/\/amara-marketing.com\/en\/wp-json\/wp\/v2\/comments?post=12623"}],"version-history":[{"count":0,"href":"https:\/\/amara-marketing.com\/en\/wp-json\/wp\/v2\/pages\/12623\/revisions"}],"up":[{"embeddable":true,"href":"https:\/\/amara-marketing.com\/en\/wp-json\/wp\/v2\/pages\/12576"}],"wp:featuredmedia":[{"embeddable":true,"href":"https:\/\/amara-marketing.com\/en\/wp-json\/wp\/v2\/media\/12354"}],"wp:attachment":[{"href":"https:\/\/amara-marketing.com\/en\/wp-json\/wp\/v2\/media?parent=12623"}],"wp:term":[{"taxonomy":"category","embeddable":true,"href":"https:\/\/amara-marketing.com\/en\/wp-json\/wp\/v2\/categories?post=12623"},{"taxonomy":"post_tag","embeddable":true,"href":"https:\/\/amara-marketing.com\/en\/wp-json\/wp\/v2\/tags?post=12623"}],"curies":[{"name":"wp","href":"https:\/\/api.w.org\/{rel}","templated":true}]}}