{"id":13450,"date":"2023-04-23T09:47:20","date_gmt":"2023-04-23T09:47:20","guid":{"rendered":"https:\/\/amaraproyectos.com\/amara\/anatomy-of-the-e-commerce-website\/"},"modified":"2023-04-23T21:46:13","modified_gmt":"2023-04-23T21:46:13","slug":"anatomy-of-the-e-commerce-website","status":"publish","type":"page","link":"https:\/\/amara-marketing.com\/en\/anatomy-of-the-e-commerce-website\/","title":{"rendered":"Anatomy of the e-commerce website"},"content":{"rendered":"\t\t<div data-elementor-type=\"wp-page\" data-elementor-id=\"13450\" class=\"elementor elementor-13450 elementor-13093\">\n\t\t\t\t\t\t<section class=\"elementor-section elementor-top-section elementor-element elementor-element-48f7e11 elementor-section-boxed elementor-section-height-default elementor-section-height-default\" data-id=\"48f7e11\" data-element_type=\"section\">\n\t\t\t\t\t\t<div class=\"elementor-container elementor-column-gap-default\">\n\t\t\t\t\t<div class=\"elementor-column elementor-col-100 elementor-top-column elementor-element elementor-element-66ab13c1\" data-id=\"66ab13c1\" data-element_type=\"column\">\n\t\t\t<div class=\"elementor-widget-wrap elementor-element-populated\">\n\t\t\t\t\t\t<div class=\"elementor-element elementor-element-3aa498f5 elementor-widget elementor-widget-text-editor\" data-id=\"3aa498f5\" data-element_type=\"widget\" data-widget_type=\"text-editor.default\">\n\t\t\t\t<div class=\"elementor-widget-container\">\n\t\t\t\t\t\t\t\t\t<h2><span class=\"s4\">Descubre c\u00f3mo es la anatom\u00eda de un<\/span><span class=\"s4\">&nbsp;sitio web&nbsp;<\/span><span class=\"s4\">e-<\/span><span class=\"s4\">commerce<\/span><span class=\"s4\">&nbsp;para conseguir m\u00e1s contactos<\/span><\/h2><h2><span class=\"s4\">Discover the anatomy of a<\/span><span class=\"s4\">&nbsp;website&nbsp;<\/span><span class=\"s4\">e-<\/span><span class=\"s4\">commerce<\/span><span class=\"s4\">&nbsp;to get more leads<\/span><\/h2> <p><span class=\"s5\">Your business website is the international image of your brand.<\/span><span class=\"s6\">&nbsp;Work with a customized website that makes you stand out from the competition. Your company is unique, so your website should also be unique. Avoid working with templates. Otherwise, how will you attract the attention of your potential customers?<\/span><\/p> <span><\/p> <span><\/span><span class=\"s6\">.\r\n<p><span class=\"s5\">La web de tu negocio es la imagen internacional de tu marca.<\/span><span class=\"s6\">&nbsp; Trabaja con una web personalizada que te haga destacar entre la competencia. Tu empresa es \u00fanica, por eso tu web tambi\u00e9n debe serlo. Evita trabajar con plantillas. Si no es as\u00ed, \u00bfc\u00f3mo llamar\u00e1s la atenci\u00f3n de tus potenciales clientes?<\/span><\/p>\t\t\t\t\t\t\t\t<\/div>\n\t\t\t\t<\/div>\n\t\t\t\t<div class=\"elementor-element elementor-element-95b95ba elementor-widget elementor-widget-image\" data-id=\"95b95ba\" data-element_type=\"widget\" data-widget_type=\"image.default\">\n\t\t\t\t<div class=\"elementor-widget-container\">\n\t\t\t\t\t\t\t\t\t\t\t\t\t\t\t<img decoding=\"async\" width=\"91\" height=\"8\" src=\"https:\/\/amara-marketing.com\/wp-content\/uploads\/Email-Linea-Decorativa.png\" class=\"attachment-thumbnail size-thumbnail wp-image-10292\" alt=\"\" \/>\t\t\t\t\t\t\t\t\t\t\t\t\t\t\t<\/div>\n\t\t\t\t<\/div>\n\t\t\t\t<div class=\"elementor-element elementor-element-742c667 elementor-widget elementor-widget-text-editor\" data-id=\"742c667\" data-element_type=\"widget\" data-widget_type=\"text-editor.default\">\n\t\t\t\t<div class=\"elementor-widget-container\">\n\t\t\t\t\t\t\t\t\t<div class=\"row-fluid-wrapper row-depth-1 row-number-13 \">\n<div class=\"row-fluid\">\n<div class=\"span12 widget-span widget-type-custom_widget \" data-widget-type=\"custom_widget\" data-x=\"0\" data-w=\"12\"> <\/div>\n<\/div>\n<\/div>\n<\/div>\n<div class=\"row-fluid-wrapper row-depth-1 row-number-14 \">\n<div class=\"row-fluid\">\n<div class=\"span12 widget-span widget-type-custom_widget \" data-widget-type=\"custom_widget\" data-x=\"0\" data-w=\"12\">\n<div id=\"hs_cos_wrapper_module_1574934270770916\" class=\"hs_cos_wrapper hs_cos_wrapper_widget hs_cos_wrapper_type_module widget-type-rich_text widget-type-rich_text\" data-hs-cos-general-type=\"widget\" data-hs-cos-type=\"module\">\n<ol>\n<li>\n<li>Home\n<ul>\n<li>Capture the user&#8217;s attention from the first moment they arrive on your website.<\/li>\n<\/ul>\n<\/li>\n<li>\n<li>The shopping cart\n<ul>\n<li>A fast and intuitive checkout process facilitates the user experience, and supports them in moving towards closing the purchase.<\/li>\n<\/ul>\n<\/li>\n<\/li>\n<li>Offers\n<ul>\n<li>Offers are the object that allows you to perform the conversion process: convert the anonymous visitor into a lead or sales opportunity.<\/li>\n<\/ul>\n<\/li>\n<\/li>\n<li>The Blog, a good option for positioning on Google\n<ul>\n<li>This channel allows you to publish content periodically, therefore, it is vital for positioning on Google.<\/li>\n<\/ul>\n<\/ul>\n<\/li>\n<li>\n<li>Landing Page will determine a large part of your conversions\n<ul>\n<li>An attractive landing page is key for the user to decide to give up your data in exchange for the valuable content you want to offer.<\/li>\n<\/ul>\n<\/li>\n<li>\n<li>Thank-U Page, the page that invites further navigation\n<ul>\n<li>This page is more than just a thank you to the user for downloading your offers: it is the opportunity to offer related content to keep them interested in your business.<\/li>\n<\/ul>\n<\/li>\n<li>\n<li>Terms of use and cookies, how and where to display them\n<ul>\n<li>Complying with the introduction of the legal contents will allow you to prevent problems in the future, as well as transmitting peace of mind to the user.<\/li>\n<\/ul>\n<\/li>\n<\/ol>\n<p><img fetchpriority=\"high\" decoding=\"async\" class=\"alignnone size-medium wp-image-13097\" src=\"http:\/\/amara-marketing.com\/wp-content\/uploads\/Ebook-WebsiteEcommerce_Ipad-2-1.png\"\" alt=\"\" width=\"1000\" height=\"803\" srcset=\"https:\/\/amara-marketing.com\/wp-content\/uploads\/Ebook-WebsiteEcommerce_Ipad-2-1.png 1000w, https:\/\/amara-marketing.com\/wp-content\/uploads\/Ebook-WebsiteEcommerce_Ipad-2-1-768x617.png 768w\" sizes=\"(max-width: 1000px) 100vw, 1000px\" \/><\/p>\n<\/div>\n<\/div>\n<\/div>\n<\/div>\n<\/div>\n<\/div>\n<\/div>\n<p>.<\/p>\n\t\t\t\t\t\t\t\t<\/div>\n\t\t\t\t<\/div>\n\t\t\t\t\t<\/div>\n\t\t<\/div>\n\t\t\t\t\t<\/div>\n\t\t<\/section>\n\t\t\t\t<\/div>\n\t\t","protected":false},"excerpt":{"rendered":"<p>Take this opportunity to learn how to structure your digital business website to get more conversions and increase your online sales!<\/p>\n","protected":false},"author":1,"featured_media":10515,"parent":0,"menu_order":0,"comment_status":"closed","ping_status":"closed","template":"","meta":{"content-type":"","footnotes":""},"categories":[309],"tags":[],"class_list":["post-13450","page","type-page","status-publish","has-post-thumbnail","hentry","category-landing-page-en"],"_links":{"self":[{"href":"https:\/\/amara-marketing.com\/en\/wp-json\/wp\/v2\/pages\/13450"}],"collection":[{"href":"https:\/\/amara-marketing.com\/en\/wp-json\/wp\/v2\/pages"}],"about":[{"href":"https:\/\/amara-marketing.com\/en\/wp-json\/wp\/v2\/types\/page"}],"author":[{"embeddable":true,"href":"https:\/\/amara-marketing.com\/en\/wp-json\/wp\/v2\/users\/1"}],"replies":[{"embeddable":true,"href":"https:\/\/amara-marketing.com\/en\/wp-json\/wp\/v2\/comments?post=13450"}],"version-history":[{"count":0,"href":"https:\/\/amara-marketing.com\/en\/wp-json\/wp\/v2\/pages\/13450\/revisions"}],"wp:featuredmedia":[{"embeddable":true,"href":"https:\/\/amara-marketing.com\/en\/wp-json\/wp\/v2\/media\/10515"}],"wp:attachment":[{"href":"https:\/\/amara-marketing.com\/en\/wp-json\/wp\/v2\/media?parent=13450"}],"wp:term":[{"taxonomy":"category","embeddable":true,"href":"https:\/\/amara-marketing.com\/en\/wp-json\/wp\/v2\/categories?post=13450"},{"taxonomy":"post_tag","embeddable":true,"href":"https:\/\/amara-marketing.com\/en\/wp-json\/wp\/v2\/tags?post=13450"}],"curies":[{"name":"wp","href":"https:\/\/api.w.org\/{rel}","templated":true}]}}