{"id":13454,"date":"2023-04-23T12:50:08","date_gmt":"2023-04-23T12:50:08","guid":{"rendered":"https:\/\/amaraproyectos.com\/amara\/how-to-do-inbound-marketing-in-your-sme-step-by-step\/"},"modified":"2023-05-27T21:23:25","modified_gmt":"2023-05-27T21:23:25","slug":"how-to-do-inbound-marketing-in-your-sme-step-by-step","status":"publish","type":"page","link":"https:\/\/amara-marketing.com\/en\/how-to-do-inbound-marketing-in-your-sme-step-by-step\/","title":{"rendered":"How to do Inbound Marketing in your SME, step by step."},"content":{"rendered":"\t\t<div data-elementor-type=\"wp-page\" data-elementor-id=\"13454\" class=\"elementor elementor-13454 elementor-13179\">\n\t\t\t\t\t\t<section class=\"elementor-section elementor-top-section elementor-element elementor-element-48f7e11 elementor-section-boxed elementor-section-height-default elementor-section-height-default\" data-id=\"48f7e11\" data-element_type=\"section\">\n\t\t\t\t\t\t<div class=\"elementor-container elementor-column-gap-default\">\n\t\t\t\t\t<div class=\"elementor-column elementor-col-100 elementor-top-column elementor-element elementor-element-66ab13c1\" data-id=\"66ab13c1\" data-element_type=\"column\">\n\t\t\t<div class=\"elementor-widget-wrap elementor-element-populated\">\n\t\t\t\t\t\t<div class=\"elementor-element elementor-element-3aa498f5 elementor-widget elementor-widget-text-editor\" data-id=\"3aa498f5\" data-element_type=\"widget\" data-widget_type=\"text-editor.default\">\n\t\t\t\t<div class=\"elementor-widget-container\">\n\t\t\t\t\t\t\t\t\t<h2>Do you need to convert to get more traffic and conversions?<\/h2>\n<p>The traditional marketing we are used to has always used more intrusive techniques. Today&#8217;s technology has made it less effective, as well as more costly, to convey your business message and values using traditional techniques. But unlike these other techniques, the Inbound Marketing methodology applies less intrusive strategies, with which online users respond better. And if your goal is to increase direct bookings through your website, you need to learn what these online best practices are.<\/p>\n\t\t\t\t\t\t\t\t<\/div>\n\t\t\t\t<\/div>\n\t\t\t\t<div class=\"elementor-element elementor-element-95b95ba elementor-widget elementor-widget-image\" data-id=\"95b95ba\" data-element_type=\"widget\" data-widget_type=\"image.default\">\n\t\t\t\t<div class=\"elementor-widget-container\">\n\t\t\t\t\t\t\t\t\t\t\t\t\t\t\t<img decoding=\"async\" width=\"91\" height=\"8\" src=\"https:\/\/amara-marketing.com\/wp-content\/uploads\/Email-Linea-Decorativa.png\" class=\"attachment-thumbnail size-thumbnail wp-image-10292\" alt=\"\" \/>\t\t\t\t\t\t\t\t\t\t\t\t\t\t\t<\/div>\n\t\t\t\t<\/div>\n\t\t\t\t<div class=\"elementor-element elementor-element-742c667 elementor-widget elementor-widget-text-editor\" data-id=\"742c667\" data-element_type=\"widget\" data-widget_type=\"text-editor.default\">\n\t\t\t\t<div class=\"elementor-widget-container\">\n\t\t\t\t\t\t\t\t\t<div class=\"row-fluid-wrapper row-depth-1 row-number-13 \"><div class=\"row-fluid \"><div class=\"span12 widget-span widget-type-custom_widget \" data-widget-type=\"custom_widget\" data-x=\"0\" data-w=\"12\"><div><div class=\"row-fluid-wrapper row-depth-1 row-number-13\"><div class=\"row-fluid\"><div class=\"span12 widget-span widget-type-custom_widget \" data-widget-type=\"custom_widget\" data-x=\"0\" data-w=\"12\"><div id=\"hs_cos_wrapper_module_1574934027178829\" class=\"hs_cos_wrapper hs_cos_wrapper_widget hs_cos_wrapper_type_module widget-type-rich_text widget-type-rich_text\" data-hs-cos-general-type=\"widget\" data-hs-cos-type=\"module\"><h2>Contenidos<\/h2><\/div><\/div><\/div><\/div><\/div><div class=\"row-fluid-wrapper row-depth-1 row-number-14 \"><div class=\"row-fluid\"><div class=\"span12 widget-span widget-type-custom_widget \" data-widget-type=\"custom_widget\" data-x=\"0\" data-w=\"12\"><div id=\"hs_cos_wrapper_module_1574934270770916\" class=\"hs_cos_wrapper hs_cos_wrapper_widget hs_cos_wrapper_type_module widget-type-rich_text widget-type-rich_text\" data-hs-cos-general-type=\"widget\" data-hs-cos-type=\"module\"><ol><li>Atraer<ul><li>En esta primera etapa, la intenci\u00f3n del Inbound Marketing es la de atraer la atenci\u00f3n de aquellos usuarios con m\u00e1s posibilidades de convertirse en oportunidades de venta. Para ello, mediante varias estrategias online, se les ofrece contenido de valor que pueda provocar engagement.<\/li><\/ul><\/li><li>Convertir<ul><li>Para convertir los visitantes de la web de tu pyme en oportunidades de venta, necesitas recopilar su informaci\u00f3n de contacto. Es por ello que tienes que ofrecerles contenido m\u00e1s espec\u00edfico a cambio de, al menos, sus emails.<\/li><\/ul><\/li><li>Cerrar<ul><li>Tu objetivo en esta etapa es que, de acuerdo con el buyer&#8217;s journey, uses tus herramientas conjuntamente para que tus potenciales hu\u00e9spedes pasen a la fase de decisi\u00f3n.<\/li><\/ul><\/li><li>Fidelizar<ul><li>La adquisici\u00f3n de un nuevo cliente online es el proceso m\u00e1s dif\u00edcil, por esta raz\u00f3n, el Inbound Marketing centra muchas de sus estrategias en la fidelizaci\u00f3n de clientes, para que las probabilidades de que vuelva a repetir la compra sean mayores.<\/li><\/ul><\/li><\/ol><\/div><\/div><\/div><\/div><h2>Contenidos<\/h2><\/div><\/div><\/div><div class=\"row-fluid-wrapper row-depth-1 row-number-14 \"><div class=\"row-fluid \"><div class=\"span12 widget-span widget-type-custom_widget \" data-widget-type=\"custom_widget\" data-x=\"0\" data-w=\"12\"><div id=\"hs_cos_wrapper_module_1574934270770916\" class=\"hs_cos_wrapper hs_cos_wrapper_widget hs_cos_wrapper_type_module widget-type-rich_text widget-type-rich_text\" data-hs-cos-general-type=\"widget\" data-hs-cos-type=\"module\"><ol><li>Atraer<ul><li>En esta primera etapa, la intenci\u00f3n del Inbound Marketing es la de atraer la atenci\u00f3n de aquellos usuarios con m\u00e1s posibilidades de convertirse en oportunidades de venta. Para ello, mediante varias estrategias online, se les ofrece contenido de valor que pueda provocar engagement.<\/li><\/ul><\/li><li>Convertir<ul><li>Para convertir los visitantes de la web de tu pyme en oportunidades de venta, necesitas recopilar su informaci\u00f3n de contacto. Es por ello que tienes que ofrecerles contenido m\u00e1s espec\u00edfico a cambio de, al menos, sus emails.<\/li><\/ul><\/li><li>Cerrar<ul><li>Tu objetivo en esta etapa es que, de acuerdo con el buyer\u2019s journey, uses tus herramientas conjuntamente para que tus potenciales hu\u00e9spedes pasen a la fase de decisi\u00f3n.<\/li><\/ul><\/li><li>Fidelizar<ul><li>La adquisici\u00f3n de un nuevo cliente online es el proceso m\u00e1s dif\u00edcil, por esta raz\u00f3n, el Inbound Marketing centra muchas de sus estrategias en la fidelizaci\u00f3n de clientes, para que las probabilidades de que vuelva a repetir la compra sean mayores.<\/li><\/ul><\/li><\/ol><\/div><\/div><\/div><\/div>\t\t\t\t\t\t\t\t<\/div>\n\t\t\t\t<\/div>\n\t\t\t\t\t<\/div>\n\t\t<\/div>\n\t\t\t\t\t<\/div>\n\t\t<\/section>\n\t\t\t\t<\/div>\n\t\t","protected":false},"excerpt":{"rendered":"<p>Get the practical guide with the best Inbound Marketing techniques. A Methodology that goes like a glove to gain more traffic and conversions.<\/p>\n","protected":false},"author":1,"featured_media":10524,"parent":0,"menu_order":0,"comment_status":"closed","ping_status":"closed","template":"","meta":{"content-type":"","footnotes":""},"categories":[304,309],"tags":[],"class_list":["post-13454","page","type-page","status-publish","has-post-thumbnail","hentry","category-landing-page","category-landing-page-en"],"_links":{"self":[{"href":"https:\/\/amara-marketing.com\/en\/wp-json\/wp\/v2\/pages\/13454"}],"collection":[{"href":"https:\/\/amara-marketing.com\/en\/wp-json\/wp\/v2\/pages"}],"about":[{"href":"https:\/\/amara-marketing.com\/en\/wp-json\/wp\/v2\/types\/page"}],"author":[{"embeddable":true,"href":"https:\/\/amara-marketing.com\/en\/wp-json\/wp\/v2\/users\/1"}],"replies":[{"embeddable":true,"href":"https:\/\/amara-marketing.com\/en\/wp-json\/wp\/v2\/comments?post=13454"}],"version-history":[{"count":0,"href":"https:\/\/amara-marketing.com\/en\/wp-json\/wp\/v2\/pages\/13454\/revisions"}],"wp:featuredmedia":[{"embeddable":true,"href":"https:\/\/amara-marketing.com\/en\/wp-json\/wp\/v2\/media\/10524"}],"wp:attachment":[{"href":"https:\/\/amara-marketing.com\/en\/wp-json\/wp\/v2\/media?parent=13454"}],"wp:term":[{"taxonomy":"category","embeddable":true,"href":"https:\/\/amara-marketing.com\/en\/wp-json\/wp\/v2\/categories?post=13454"},{"taxonomy":"post_tag","embeddable":true,"href":"https:\/\/amara-marketing.com\/en\/wp-json\/wp\/v2\/tags?post=13454"}],"curies":[{"name":"wp","href":"https:\/\/api.w.org\/{rel}","templated":true}]}}