{"id":13458,"date":"2023-04-23T13:01:16","date_gmt":"2023-04-23T13:01:16","guid":{"rendered":"https:\/\/amaraproyectos.com\/amara\/guide-to-reach-out-to-travelers-in-their-country-of-origin\/"},"modified":"2023-04-23T21:50:55","modified_gmt":"2023-04-23T21:50:55","slug":"guide-to-reach-out-to-travelers-in-their-country-of-origin","status":"publish","type":"page","link":"https:\/\/amara-marketing.com\/en\/guide-to-reach-out-to-travelers-in-their-country-of-origin\/","title":{"rendered":"Guide to reach out to travelers in their country of origin"},"content":{"rendered":"\t\t<div data-elementor-type=\"wp-page\" data-elementor-id=\"13458\" class=\"elementor elementor-13458 elementor-13200\">\n\t\t\t\t\t\t<section class=\"elementor-section elementor-top-section elementor-element elementor-element-48f7e11 elementor-section-boxed elementor-section-height-default elementor-section-height-default\" data-id=\"48f7e11\" data-element_type=\"section\">\n\t\t\t\t\t\t<div class=\"elementor-container elementor-column-gap-default\">\n\t\t\t\t\t<div class=\"elementor-column elementor-col-100 elementor-top-column elementor-element elementor-element-66ab13c1\" data-id=\"66ab13c1\" data-element_type=\"column\">\n\t\t\t<div class=\"elementor-widget-wrap elementor-element-populated\">\n\t\t\t\t\t\t<div class=\"elementor-element elementor-element-3aa498f5 elementor-widget elementor-widget-text-editor\" data-id=\"3aa498f5\" data-element_type=\"widget\" data-widget_type=\"text-editor.default\">\n\t\t\t\t<div class=\"elementor-widget-container\">\n\t\t\t\t\t\t\t\t\t<h2><strong>En un sector tan competitivo como el tur\u00edstico es vital encontrar alternativas para diferenciarse.<\/strong><\/h2>\n<p><strong>Las peque\u00f1as agencias DMC se encuentran cada a\u00f1o con nuevos desa<\/p>\n<h2><strong>In a sector as competitive as the tourism industry, it is vital to find alternatives to differentiate yourself.<\/strong><\/h2>\n<p><strong>Small DMC agencies are faced every year with new challenges and more competition offering the same thing. Competing in this market is increasingly complex, and the best way out to avoid getting into the same vicious circle is to go after travelers in a different way.<\/strong><\/p>\n<p><strong>And what other way is there? By directly reaching your target audience in their home country. The digital transformation of your DMC will allow you to reach them directly, in their market, and offering them first-hand what they need for their next trip.<\/strong><\/p>\n<p><strong><\/strong><\/p>\n<p><strong><strong>And what other way is there?f\u00edos y m\u00e1s competencia que ofrece lo mismo. Competir en este mercado es cada vez m\u00e1s complejo, y la mejor salida para evitar entrar en el mismo c\u00edrculo vicioso es ir a por los viajeros de una manera diferente.<\/strong><\/p>\n<p><strong>\u00bfY qu\u00e9 otra manera existe? Alcanzando directamente a tu p\u00fablico objetivo en su pa\u00eds de origen. La transformaci\u00f3n digital de tu DMC te permitir\u00e1 llegar a ellos de manera directa, en su mercado, y ofreci\u00e9ndoles de primera mano lo que necesitan para su pr\u00f3ximo viaje.<\/strong><\/p>\n\t\t\t\t\t\t\t\t<\/div>\n\t\t\t\t<\/div>\n\t\t\t\t<div class=\"elementor-element elementor-element-95b95ba elementor-widget elementor-widget-image\" data-id=\"95b95ba\" data-element_type=\"widget\" data-widget_type=\"image.default\">\n\t\t\t\t<div class=\"elementor-widget-container\">\n\t\t\t\t\t\t\t\t\t\t\t\t\t\t\t<img decoding=\"async\" width=\"91\" height=\"8\" src=\"https:\/\/amara-marketing.com\/wp-content\/uploads\/Email-Linea-Decorativa.png\" class=\"attachment-thumbnail size-thumbnail wp-image-10292\" alt=\"\" \/>\t\t\t\t\t\t\t\t\t\t\t\t\t\t\t<\/div>\n\t\t\t\t<\/div>\n\t\t\t\t<div class=\"elementor-element elementor-element-742c667 elementor-widget elementor-widget-text-editor\" data-id=\"742c667\" data-element_type=\"widget\" data-widget_type=\"text-editor.default\">\n\t\t\t\t<div class=\"elementor-widget-container\">\n\t\t\t\t\t\t\t\t\t<div class=\"row-fluid-wrapper row-depth-1 row-number-13\">\n<div class=\"row-fluid\">\n<div class=\"span12 widget-span widget-type-custom_widget \" data-widget-type=\"custom_widget\" data-x=\"0\" data-w=\"12\">\n<div id=\"hs_cos_wrapper_module_1574934027178829\" class=\"hs_cos_wrapper hs_cos_wrapper_widget hs_cos_wrapper_type_module widget-type-rich_text widget-type-rich_text\" data-hs-cos-general-type=\"widget\" data-hs-cos-type=\"module\">\n<h2>Contenidos<\/h2>\n<\/div>\n<\/div>\n<\/div>\n<\/div>\n<\/div>\n<div class=\"row-fluid-wrapper row-depth-1 row-number-14 \">\n<div class=\"row-fluid\">\n<div class=\"span12 widget-span widget-type-custom_widget \" data-widget-type=\"custom_widget\" data-x=\"0\" data-w=\"12\">\n<div id=\"hs_cos_wrapper_module_1574934270770916\" class=\"hs_cos_wrapper hs_cos_wrapper_widget hs_cos_wrapper_type_module widget-type-rich_text widget-type-rich_text\" data-hs-cos-general-type=\"widget\" data-hs-cos-type=\"module\">\n<h2>\u00bfQu\u00e9 encontrar\u00e1s en este eBook?<\/h2>\n<p><strong>La venta de excursiones al viajero en su lugar de origen<\/strong><\/p>\n<ol>\n<li><strong> Los desaf\u00edos de las peque\u00f1as empresas tur\u00edsticas<\/strong><\/li>\n<li><strong> \u00bfEs posible alcanzar a los viajeros en su pa\u00eds de origen?<\/strong><\/li>\n<li><strong> Ventajas y oportunidades de la venta en origen<\/strong><\/li>\n<\/ol>\n<p><strong>Las claves para la preparaci\u00f3n de la estrategia de marketing DMC<\/strong><\/p>\n<ol>\n<li><strong> Oferta<\/strong><\/li>\n<li><strong> Information<\/strong><\/li>\n<li><strong> Vertrauen<\/strong><\/li>\n<li><strong> Erreichbarkeit<\/strong><\/li>\n<li><strong> Transparenz<\/strong><\/li>\n<li><strong> Reputation<\/strong><\/li>\n<\/ol>\n<\/div>\n<\/div>\n<\/div>\n<\/div>\n\t\t\t\t\t\t\t\t<\/div>\n\t\t\t\t<\/div>\n\t\t\t\t\t<\/div>\n\t\t<\/div>\n\t\t\t\t\t<\/div>\n\t\t<\/section>\n\t\t\t\t<\/div>\n\t\t","protected":false},"excerpt":{"rendered":"<p>Download this eBook and start reaching travelers at origin for your DMC.<\/p>\n","protected":false},"author":1,"featured_media":9886,"parent":0,"menu_order":0,"comment_status":"closed","ping_status":"closed","template":"","meta":{"content-type":"","footnotes":""},"categories":[309],"tags":[],"class_list":["post-13458","page","type-page","status-publish","has-post-thumbnail","hentry","category-landing-page-en"],"_links":{"self":[{"href":"https:\/\/amara-marketing.com\/en\/wp-json\/wp\/v2\/pages\/13458"}],"collection":[{"href":"https:\/\/amara-marketing.com\/en\/wp-json\/wp\/v2\/pages"}],"about":[{"href":"https:\/\/amara-marketing.com\/en\/wp-json\/wp\/v2\/types\/page"}],"author":[{"embeddable":true,"href":"https:\/\/amara-marketing.com\/en\/wp-json\/wp\/v2\/users\/1"}],"replies":[{"embeddable":true,"href":"https:\/\/amara-marketing.com\/en\/wp-json\/wp\/v2\/comments?post=13458"}],"version-history":[{"count":0,"href":"https:\/\/amara-marketing.com\/en\/wp-json\/wp\/v2\/pages\/13458\/revisions"}],"wp:featuredmedia":[{"embeddable":true,"href":"https:\/\/amara-marketing.com\/en\/wp-json\/wp\/v2\/media\/9886"}],"wp:attachment":[{"href":"https:\/\/amara-marketing.com\/en\/wp-json\/wp\/v2\/media?parent=13458"}],"wp:term":[{"taxonomy":"category","embeddable":true,"href":"https:\/\/amara-marketing.com\/en\/wp-json\/wp\/v2\/categories?post=13458"},{"taxonomy":"post_tag","embeddable":true,"href":"https:\/\/amara-marketing.com\/en\/wp-json\/wp\/v2\/tags?post=13458"}],"curies":[{"name":"wp","href":"https:\/\/api.w.org\/{rel}","templated":true}]}}