{"id":13460,"date":"2023-04-23T10:14:36","date_gmt":"2023-04-23T10:14:36","guid":{"rendered":"https:\/\/amaraproyectos.com\/amara\/practical-guide-to-create-your-companys-corporate-profile\/"},"modified":"2023-05-27T21:25:07","modified_gmt":"2023-05-27T21:25:07","slug":"practical-guide-to-create-your-companys-corporate-profile","status":"publish","type":"page","link":"https:\/\/amara-marketing.com\/en\/practical-guide-to-create-your-companys-corporate-profile\/","title":{"rendered":"Practical guide to create your company&#8217;s corporate profile"},"content":{"rendered":"\t\t<div data-elementor-type=\"wp-page\" data-elementor-id=\"13460\" class=\"elementor elementor-13460 elementor-13137\">\n\t\t\t\t\t\t<section class=\"elementor-section elementor-top-section elementor-element elementor-element-48f7e11 elementor-section-boxed elementor-section-height-default elementor-section-height-default\" data-id=\"48f7e11\" data-element_type=\"section\">\n\t\t\t\t\t\t<div class=\"elementor-container elementor-column-gap-default\">\n\t\t\t\t\t<div class=\"elementor-column elementor-col-100 elementor-top-column elementor-element elementor-element-66ab13c1\" data-id=\"66ab13c1\" data-element_type=\"column\">\n\t\t\t<div class=\"elementor-widget-wrap elementor-element-populated\">\n\t\t\t\t\t\t<div class=\"elementor-element elementor-element-3aa498f5 elementor-widget elementor-widget-text-editor\" data-id=\"3aa498f5\" data-element_type=\"widget\" data-widget_type=\"text-editor.default\">\n\t\t\t\t<div class=\"elementor-widget-container\">\n\t\t\t\t\t\t\t\t\t<h2>The corporate profile is the tool that marks the strategic positioning of your company and its reflection<\/h2>\n<p><span class=\"s4\">The corporate profile cannot follow the guidelines of the traditional strategy, but must adapt to the new times. That is why we now call it DDC Strategy. <\/span><span class=\"s4\">DC stands for Definition, Differentiation and Communication. Now it&#8217;s your turn to put it into practice for your company<\/span><\/p>\n<p> <span><span class=\"s4\">DDC stands for Definition, Differentiation and Communication.<\/p>\n\t\t\t\t\t\t\t\t<\/div>\n\t\t\t\t<\/div>\n\t\t\t\t<div class=\"elementor-element elementor-element-95b95ba elementor-widget elementor-widget-image\" data-id=\"95b95ba\" data-element_type=\"widget\" data-widget_type=\"image.default\">\n\t\t\t\t<div class=\"elementor-widget-container\">\n\t\t\t\t\t\t\t\t\t\t\t\t\t\t\t<img decoding=\"async\" width=\"91\" height=\"8\" src=\"https:\/\/amara-marketing.com\/wp-content\/uploads\/Email-Linea-Decorativa.png\" class=\"attachment-thumbnail size-thumbnail wp-image-10292\" alt=\"\" \/>\t\t\t\t\t\t\t\t\t\t\t\t\t\t\t<\/div>\n\t\t\t\t<\/div>\n\t\t\t\t<div class=\"elementor-element elementor-element-742c667 elementor-widget elementor-widget-text-editor\" data-id=\"742c667\" data-element_type=\"widget\" data-widget_type=\"text-editor.default\">\n\t\t\t\t<div class=\"elementor-widget-container\">\n\t\t\t\t\t\t\t\t\t<div class=\"row-fluid-wrapper row-depth-1 row-number-13 \"><div class=\"row-fluid \"><div class=\"span12 widget-span widget-type-custom_widget \" data-widget-type=\"custom_widget\" data-x=\"0\" data-w=\"12\"><div id=\"hs_cos_wrapper_module_1574934027178829\" class=\"hs_cos_wrapper hs_cos_wrapper_widget hs_cos_wrapper_type_module widget-type-rich_text widget-type-rich_text\" data-hs-cos-general-type=\"widget\" data-hs-cos-type=\"module\"><h2>Contenidos<\/h2><\/div><\/div><\/div><\/div><div class=\"row-fluid-wrapper row-depth-1 row-number-14 \"><div class=\"row-fluid \"><div class=\"span12 widget-span widget-type-custom_widget \" data-widget-type=\"custom_widget\" data-x=\"0\" data-w=\"12\"><div id=\"hs_cos_wrapper_module_1574934270770916\" class=\"hs_cos_wrapper hs_cos_wrapper_widget hs_cos_wrapper_type_module widget-type-rich_text widget-type-rich_text\" data-hs-cos-general-type=\"widget\" data-hs-cos-type=\"module\"><ol><li>El contenido<ul><li>El mensaje de tu compa\u00f1\u00eda llega a tu audiencia a trav\u00e9s del contenido que creas, tanto contenido textual como contenido multimedia. Escoge qu\u00e9 quieres decir a tus potenciales clientes, y ap\u00f3rtale un estilo atractivo.<\/li><\/ul><\/li><li>Secretos que te har\u00e1n triunfar<ul><li>Todo contenido puede transmitir un gran mensaje oculto. Domina los elementos de tu estrategia DDC para causar impacto en tu audiencia.<\/li><\/ul><\/li><li>Dale vida a tu estrategia DDC<ul><li>No es recomendable crear tu estrategia DDC y dejarla abandonada en un caj\u00f3n. Es un documento que puedes actualizar peri\u00f3dicamente para optimizar tu estrategia. Difunde tu mensaje a trav\u00e9s de los distintos canales online.<\/li><\/ul><\/li><li>Sobre Amara<ul><li>Todo el mundo tiene una historia. Nosotros te ayudamos a contarla. Tenemos amplia experiencia en la elaboraci\u00f3n de perfiles corporativos, y sabemos adaptar la estrategia DDC a los nuevos tiempos.<\/li><\/ul><\/li><\/ol><\/div><\/div><\/div><\/div>\t\t\t\t\t\t\t\t<\/div>\n\t\t\t\t<\/div>\n\t\t\t\t\t<\/div>\n\t\t<\/div>\n\t\t\t\t\t<\/div>\n\t\t<\/section>\n\t\t\t\t<\/div>\n\t\t","protected":false},"excerpt":{"rendered":"<p>Don&#8217;t know the DDC strategy? Define yourself, differentiate yourself and communicate it. Learn more about how to improve your company&#8217;s corporate branding by downloading the guide.<\/p>\n","protected":false},"author":1,"featured_media":10552,"parent":0,"menu_order":0,"comment_status":"closed","ping_status":"closed","template":"","meta":{"content-type":"","footnotes":""},"categories":[304,309],"tags":[],"class_list":["post-13460","page","type-page","status-publish","has-post-thumbnail","hentry","category-landing-page","category-landing-page-en"],"_links":{"self":[{"href":"https:\/\/amara-marketing.com\/en\/wp-json\/wp\/v2\/pages\/13460"}],"collection":[{"href":"https:\/\/amara-marketing.com\/en\/wp-json\/wp\/v2\/pages"}],"about":[{"href":"https:\/\/amara-marketing.com\/en\/wp-json\/wp\/v2\/types\/page"}],"author":[{"embeddable":true,"href":"https:\/\/amara-marketing.com\/en\/wp-json\/wp\/v2\/users\/1"}],"replies":[{"embeddable":true,"href":"https:\/\/amara-marketing.com\/en\/wp-json\/wp\/v2\/comments?post=13460"}],"version-history":[{"count":0,"href":"https:\/\/amara-marketing.com\/en\/wp-json\/wp\/v2\/pages\/13460\/revisions"}],"wp:featuredmedia":[{"embeddable":true,"href":"https:\/\/amara-marketing.com\/en\/wp-json\/wp\/v2\/media\/10552"}],"wp:attachment":[{"href":"https:\/\/amara-marketing.com\/en\/wp-json\/wp\/v2\/media?parent=13460"}],"wp:term":[{"taxonomy":"category","embeddable":true,"href":"https:\/\/amara-marketing.com\/en\/wp-json\/wp\/v2\/categories?post=13460"},{"taxonomy":"post_tag","embeddable":true,"href":"https:\/\/amara-marketing.com\/en\/wp-json\/wp\/v2\/tags?post=13460"}],"curies":[{"name":"wp","href":"https:\/\/api.w.org\/{rel}","templated":true}]}}