{"id":13462,"date":"2023-04-23T12:53:26","date_gmt":"2023-04-23T12:53:26","guid":{"rendered":"https:\/\/amaraproyectos.com\/amara\/essential-inbound-marketing-kpis-and-metrics\/"},"modified":"2023-05-27T21:22:20","modified_gmt":"2023-05-27T21:22:20","slug":"essential-inbound-marketing-kpis-and-metrics","status":"publish","type":"page","link":"https:\/\/amara-marketing.com\/en\/essential-inbound-marketing-kpis-and-metrics\/","title":{"rendered":"Essential Inbound Marketing KPIs and Metrics"},"content":{"rendered":"\t\t<div data-elementor-type=\"wp-page\" data-elementor-id=\"13462\" class=\"elementor elementor-13462 elementor-13187\">\n\t\t\t\t\t\t<section class=\"elementor-section elementor-top-section elementor-element elementor-element-48f7e11 elementor-section-boxed elementor-section-height-default elementor-section-height-default\" data-id=\"48f7e11\" data-element_type=\"section\">\n\t\t\t\t\t\t<div class=\"elementor-container elementor-column-gap-default\">\n\t\t\t\t\t<div class=\"elementor-column elementor-col-100 elementor-top-column elementor-element elementor-element-66ab13c1\" data-id=\"66ab13c1\" data-element_type=\"column\">\n\t\t\t<div class=\"elementor-widget-wrap elementor-element-populated\">\n\t\t\t\t\t\t<div class=\"elementor-element elementor-element-3aa498f5 elementor-widget elementor-widget-text-editor\" data-id=\"3aa498f5\" data-element_type=\"widget\" data-widget_type=\"text-editor.default\">\n\t\t\t\t<div class=\"elementor-widget-container\">\n\t\t\t\t\t\t\t\t\t<h2>Why is it important to analyze your Inbound methodology?<\/h2>\n<p><span class=\"s6\">Analyzing the performance of your strategies is what can speak to your results in the most transparent way possible, just as it is the best way to implement changes at the right time, before it is too late.<\/span><span class=\"s6\"> To check that your Inbound methodology efforts are efficient, it is vital to analyze the performance of your strategies through the appropriate metrics.<\/span><\/p>\n\t\t\t\t\t\t\t\t<\/div>\n\t\t\t\t<\/div>\n\t\t\t\t<div class=\"elementor-element elementor-element-95b95ba elementor-widget elementor-widget-image\" data-id=\"95b95ba\" data-element_type=\"widget\" data-widget_type=\"image.default\">\n\t\t\t\t<div class=\"elementor-widget-container\">\n\t\t\t\t\t\t\t\t\t\t\t\t\t\t\t<img decoding=\"async\" width=\"91\" height=\"8\" src=\"https:\/\/amara-marketing.com\/wp-content\/uploads\/Email-Linea-Decorativa.png\" class=\"attachment-thumbnail size-thumbnail wp-image-10292\" alt=\"\" \/>\t\t\t\t\t\t\t\t\t\t\t\t\t\t\t<\/div>\n\t\t\t\t<\/div>\n\t\t\t\t<div class=\"elementor-element elementor-element-742c667 elementor-widget elementor-widget-text-editor\" data-id=\"742c667\" data-element_type=\"widget\" data-widget_type=\"text-editor.default\">\n\t\t\t\t<div class=\"elementor-widget-container\">\n\t\t\t\t\t\t\t\t\t<div class=\"row-fluid-wrapper row-depth-1 row-number-13 \"><div class=\"row-fluid \"><div class=\"&quot;span12\"><div class=\"row-fluid-wrapper row-depth-1 row-number-13 \"><div class=\"row-fluid\"><div class=\"span12 widget-span widget-type-custom_widget \" data-widget-type=\"custom_widget\" data-x=\"0\" data-w=\"12\"><div id=\"hs_cos_wrapper_module_1574934027178829\" class=\"hs_cos_wrapper hs_cos_wrapper_widget hs_cos_wrapper_type_module widget-type-rich_text widget-type-rich_text\" data-hs-cos-general-type=\"widget\" data-hs-cos-type=\"module\"><h2>Contents<\/h2><\/div><\/div><\/div><\/div><\/div><\/div><div class=\"row-fluid-wrapper row-depth-1 row-number-14 \"><div class=\"row-fluid\"><div class=\"span12 widget-span widget-type widget-custom_widget \" data-widget-type=\"custom_widget\" data-x=\"0\" data-w=\"12\"><div id=\"hs_cos_wrapper_module_1574934270770916\" class=\"hs_cos_wrapper hs_cos_wrapper_widget hs_cos_wrapper_type_module widget-type-rich_text widget-type-rich_text\" data-hs-cos-general-type=\"widget\" data-hs-cos-type=\"module\"><ol><li><strong>Why is analytics critical?<\/strong><ul><li>Analysis of actual results is the method that allows you to make the right decisions and implement changes in time, especially if you are working the Inbound methodology.<\/li><\/ul><\/li><li><strong>Tools for results analysis<\/strong><ul><li>A selection of five optimal tools for analyzing each of the phases of the Inbound Marketing methodology.<\/li><\/ul><\/li><li><strong>KPIs and metrics in the Attraction stage<\/strong><ul><li>The first phase of the Inbound methodology gives clear importance to SEO or organic positioning. But what SEO factors should be analyzed to check that your strategy is on the right track? What other elements should be analyzed in your Inbound strategy?<\/li><\/ul><\/li><li><strong>KPIs and metrics in the Conversion stage<\/strong><ul><li>Conversion is a vital process to convert anonymous users into sales opportunities. So it is essential to study the conversion process through Inbound Marketing.<\/li><\/ul><\/li><li><strong>KPIs and metrics in the Closing and Loyalty stages<\/strong><ul><li>Are your sales closing strategies effective? How do you manage to keep the interest of your first customers? Do you manage to convert them into promoters of your brand?<\/li><\/ul><\/li><\/ol><\/div><\/div><\/div><\/div><\/div><div id=\"hs_cos_wrapper_module_1574934027178829\" class=\"hs_cos_wrapper hs_cos_wrapper_widget hs_cos_wrapper_type_module widget-type-rich_text widget-type-rich_text\" data-hs-cos-general-type=\"widget\" data-hs-cos-type=\"module\"><h2>Contenidos<\/h2><\/div><div class=\"row-fluid-wrapper row-depth-1 row-number-14 \"><div class=\"row-fluid \"><div class=\"span12 widget-span widget-type-custom_widget \" data-widget-type=\"custom_widget\" data-x=\"0\" data-w=\"12\"><div id=\"hs_cos_wrapper_module_1574934270770916\" class=\"hs_cos_wrapper hs_cos_wrapper_widget hs_cos_wrapper_type_module widget-type-rich_text widget-type-rich_text\" data-hs-cos-general-type=\"widget\" data-hs-cos-type=\"module\"><ol><li><strong>\u00bfPor qu\u00e9 el an\u00e1lisis es fundamental?<\/strong><ul><li>El an\u00e1lisis de los resultados reales es el m\u00e9todo que te permite tomar decisiones correctas e implementar cambios a tiempo, especialmente si est\u00e1s trabajando la metodolog\u00eda Inbound.<\/li><\/ul><\/li><li><strong>Herramientas para el an\u00e1lisis de resultados<\/strong><ul><li>Una selecci\u00f3n de cinco herramientas \u00f3ptimas para el an\u00e1lisis de cada una de las fases de la metodolog\u00eda Inbound Marketing.<\/li><\/ul><\/li><li><strong>KPIs y m\u00e9tricas en la etapa de Atracci\u00f3n<\/strong><ul><li>La primera fase de la metodolog\u00eda Inbound da una clara importancia al SEO o posicionamiento org\u00e1nico. Pero \u00bfqu\u00e9 factores del SEO se deben analizar para comprobar que tu estrategia est\u00e1 yendo por el buen camino? \u00bfQu\u00e9 otros elementos se deben analizar en tu estrategia de Atracci\u00f3n?<\/li><\/ul><\/li><li><strong>KPIs y m\u00e9tricas en la etapa de Conversi\u00f3n<\/strong><ul><li>La conversi\u00f3n es un proceso vital para convertir los usuarios an\u00f3nimos en oportunidades de venta. De manera que es esencial estudiar el proceso de conversi\u00f3n mediante Inbound Marketing.<\/li><\/ul><\/li><li><strong>KPIs y m\u00e9tricas en las etapas de Cierre y Fidelizaci\u00f3n<\/strong><ul><li>\u00bfTus estrategias de cierre de ventas son efectivas? \u00bfDe qu\u00e9 manera logras mantener el inter\u00e9s de tus primeros clientes? \u00bfLlegas a convertirlos en promotores de tu marca?<\/li><\/ul><\/li><\/ol><\/div><\/div><\/div><\/div>\t\t\t\t\t\t\t\t<\/div>\n\t\t\t\t<\/div>\n\t\t\t\t\t<\/div>\n\t\t<\/div>\n\t\t\t\t\t<\/div>\n\t\t<\/section>\n\t\t\t\t<\/div>\n\t\t","protected":false},"excerpt":{"rendered":"<p>What exactly should you measure? Here is a guide to the KPIs and metrics that your business should take into account in each of the phases of Inbound Marketing.<\/p>\n","protected":false},"author":1,"featured_media":10514,"parent":0,"menu_order":0,"comment_status":"closed","ping_status":"closed","template":"","meta":{"content-type":"","footnotes":""},"categories":[304,309],"tags":[],"class_list":["post-13462","page","type-page","status-publish","has-post-thumbnail","hentry","category-landing-page","category-landing-page-en"],"_links":{"self":[{"href":"https:\/\/amara-marketing.com\/en\/wp-json\/wp\/v2\/pages\/13462"}],"collection":[{"href":"https:\/\/amara-marketing.com\/en\/wp-json\/wp\/v2\/pages"}],"about":[{"href":"https:\/\/amara-marketing.com\/en\/wp-json\/wp\/v2\/types\/page"}],"author":[{"embeddable":true,"href":"https:\/\/amara-marketing.com\/en\/wp-json\/wp\/v2\/users\/1"}],"replies":[{"embeddable":true,"href":"https:\/\/amara-marketing.com\/en\/wp-json\/wp\/v2\/comments?post=13462"}],"version-history":[{"count":0,"href":"https:\/\/amara-marketing.com\/en\/wp-json\/wp\/v2\/pages\/13462\/revisions"}],"wp:featuredmedia":[{"embeddable":true,"href":"https:\/\/amara-marketing.com\/en\/wp-json\/wp\/v2\/media\/10514"}],"wp:attachment":[{"href":"https:\/\/amara-marketing.com\/en\/wp-json\/wp\/v2\/media?parent=13462"}],"wp:term":[{"taxonomy":"category","embeddable":true,"href":"https:\/\/amara-marketing.com\/en\/wp-json\/wp\/v2\/categories?post=13462"},{"taxonomy":"post_tag","embeddable":true,"href":"https:\/\/amara-marketing.com\/en\/wp-json\/wp\/v2\/tags?post=13462"}],"curies":[{"name":"wp","href":"https:\/\/api.w.org\/{rel}","templated":true}]}}