{"id":13466,"date":"2023-04-23T09:17:43","date_gmt":"2023-04-23T09:17:43","guid":{"rendered":"https:\/\/amaraproyectos.com\/amara\/step-by-step-how-to-register-in-google-my-business\/"},"modified":"2023-04-23T21:53:21","modified_gmt":"2023-04-23T21:53:21","slug":"step-by-step-how-to-register-in-google-my-business","status":"publish","type":"page","link":"https:\/\/amara-marketing.com\/en\/step-by-step-how-to-register-in-google-my-business\/","title":{"rendered":"Step by step: How to register in Google My Business"},"content":{"rendered":"\t\t<div data-elementor-type=\"wp-page\" data-elementor-id=\"13466\" class=\"elementor elementor-13466 elementor-13063\">\n\t\t\t\t\t\t<section class=\"elementor-section elementor-top-section elementor-element elementor-element-3f506575 elementor-section-boxed elementor-section-height-default elementor-section-height-default\" data-id=\"3f506575\" data-element_type=\"section\">\n\t\t\t\t\t\t<div class=\"elementor-container elementor-column-gap-default\">\n\t\t\t\t\t<div class=\"elementor-column elementor-col-100 elementor-top-column elementor-element elementor-element-483fc4d5\" data-id=\"483fc4d5\" data-element_type=\"column\">\n\t\t\t<div class=\"elementor-widget-wrap elementor-element-populated\">\n\t\t\t\t\t\t<div class=\"elementor-element elementor-element-4ee1a6e3 elementor-widget elementor-widget-text-editor\" data-id=\"4ee1a6e3\" data-element_type=\"widget\" data-widget_type=\"text-editor.default\">\n\t\t\t\t<div class=\"elementor-widget-container\">\n\t\t\t\t\t\t\t\t\t<p>Google My Business es una herramienta que te ayuda a <strong>aumentar la presencia online de tu negocio de manera gratuita<\/strong>.<\/p>\n<p><span style=\"color: var( --e-global-color-text ); font-family: var( --e-\n\n<p>Google My Business ist ein Hilfsmittel, das Ihnen hilft, die Online-Pr\u00e4senz Ihres Unternehmens kostenlos zu erh\u00f6hen.<\/p>\n<p><span style=\"color: var( --e-global-color-text ); font-family: var( --e-global-typography-text-font-family ), Sans-serif; font-size: var( --e-global-typography-text-font-size ); font-weight: var( --e-global-typography-text-font-weight ); letter-spacing: var( --e-global-typography-text-letter-spacing );\">En sus \u00faltimas modificaciones, Google ha empezado a dar <\/span><strong style=\"color: var( --e-global-color-text ); font-family: var( --e-global-typography-text-font-family ), Sans-serif; font-size: var( --e-global-typography-text-font-size ); letter-spacing: var( --e-global-typography-text-letter-spacing );\">importancia y prioridad en los resultados de b\u00fasqueda a los negocios locales<\/strong><span style=\"color: var( --e-global-color-text ); font-family: var( --e-global-typography-text-font-family ), Sans-serif; font-size: var( --e-global-typography-text-font-size ); font-weight: var( --e-global-typography-text-font-weight ); letter-spacing: var( --e-global-typography-text-letter-spacing );\">. \u00a1Aprovecha esta oportunidad!<\/span><\/p>\n<p><span style=\"color: var( --e-global-color-text ); font-family: var( --e-global-typography-text-font-family ), Sans-serif; font-size: var( --e-global-typography-text-font-size ); font-weight: var( --e-global-typography-text-font-weight ); letter-spacing: var( --e-global-typography-text-letter-spacing );\">Nunca hab\u00eda sido tan f\u00e1cil destacar en los resultados de Google. Al darte de alta en Google My Business podr\u00e1s presentar a tus potenciales clientes toda la informaci\u00f3n de tu negocio, <\/span><strong style=\"color: var( --e-global-color-text ); font-family: var( --e-global-typography-text-font-family ), Sans-serif; font-size: var( --e-global-typography-text-font-size ); letter-spacing: var( --e-global-typography-text-letter-spacing );\">aparecer\u00e1s en Google Maps y podr\u00e1s recibir rese\u00f1as online que te ayudar\u00e1n a conseguir todav\u00eda mejores posiciones<\/strong><span style=\"color: var( --e-global-color-text ); font-family: var( --e-global-typography-text-font-family ), Sans-serif; font-size: var( --e-global-typography-text-font-size ); font-weight: var( --e-global-typography-text-font-weight ); letter-spacing: var( --e-global-typography-text-letter-spacing );\">, entre muchas otras ventajas.<\/span><\/p>\n<p><span style=\"color: var( --e-global-color-text ); font-family: var( --e-global-typography-text-font-family ), Sans-serif; font-size: var( --e-global-typography-text-font-size ); font-weight: var( --e-global-typography-text-font-weight ); letter-spacing: var( --e-global-typography-text-letter-spacing );\">En esta gu\u00eda te ense\u00f1amos c\u00f3mo aprovechar todos los recursos de Google y c\u00f3mo trabajar de manera \u00f3ptima tu SEO Local.<\/span><\/p>\n<p>global-typography-text-font-family ), Sans-serif; font-size: var( &#8211;e-global-typography-text-font-size ); font-weight: var( &#8211;e-global-typography-text-font-weight ); letter-spacing: var( &#8211;e-global-typography-text-letter-spacing );&#8221;>En sus \u00faltimas modificaciones, Google ha empezado a dar <\/span><strong style=\"color: var( --e-global-color-text ); font-family: var( --e-global-typography-text-font-family ), Sans-serif; font-size: var( --e-global-typography-text-font-size ); letter-spacing: var( --e-global-typography-text-letter-spacing );\">importancia y prioridad en los resultados de b\u00fasqueda a los negocios locales<\/strong><span style=\"color: var( --e-global-color-text ); font-family: var( --e-global-typography-text-font-family ), Sans-serif; font-size: var( --e-global-typography-text-font-size ); font-weight: var( --e-global-typography-text-font-weight ); letter-spacing: var( --e-global-typography-text-letter-spacing );\">. \u00a1Aprovecha esta oportunidad!<\/span><\/p>\n<p><span style=\"color: var( --e-global-color-text ); font-family: var( --e-global-typography-text-font-family ), Sans-serif; font-size: var( --e-global-typography-text-font-size ); font-weight: var( --e-global-typography-text-font-weight ); letter-spacing: var( --e-global-typography-text-letter-spacing );\">Nunca hab\u00eda sido tan f\u00e1cil destacar en los resultados de Google. Al darte de alta en Google My Business podr\u00e1s presentar a tus potenciales clientes toda la informaci\u00f3n de tu negocio, <\/span><strong style=\"color: var( --e-global-color-text ); font-family: var( --e-global-typography-text-font-family ), Sans-serif; font-size: var( --e-global-typography-text-font-size ); letter-spacing: var( --e-global-typography-text-letter-spacing );\">aparecer\u00e1s en Google Maps y podr\u00e1s recibir rese\u00f1as online que te ayudar\u00e1n a conseguir todav\u00eda mejores posiciones<\/strong><span style=\"color: var( --e-global-color-text ); font-family: var( --e-global-typography-text-font-family ), Sans-serif; font-size: var( --e-global-typography-text-font-size ); font-weight: var( --e-global-typography-text-font-weight ); letter-spacing: var( --e-global-typography-text-letter-spacing );\">, entre muchas otras ventajas.<\/span><\/p>\n<p><span style=\"color: var( --e-global-color-text ); font-family: var( --e-global-typography-text-font-family ), Sans-serif; font-size: var( --e-global-typography-text-font-size ); font-weight: var( --e-global-typography-text-font-weight ); letter-spacing: var( --e-global-typography-text-letter-spacing );\">En esta gu\u00eda te ense\u00f1amos c\u00f3mo aprovechar todos los recursos de Google y c\u00f3mo trabajar de manera \u00f3ptima tu SEO Local.<\/span><\/p>\n\t\t\t\t\t\t\t\t<\/div>\n\t\t\t\t<\/div>\n\t\t\t\t<div class=\"elementor-element elementor-element-0d2392f elementor-widget elementor-widget-image\" data-id=\"0d2392f\" data-element_type=\"widget\" data-widget_type=\"image.default\">\n\t\t\t\t<div class=\"elementor-widget-container\">\n\t\t\t\t\t\t\t\t\t\t\t\t\t\t\t<img fetchpriority=\"high\" decoding=\"async\" width=\"305\" height=\"227\" src=\"https:\/\/amara-marketing.com\/wp-content\/uploads\/1608-AMA-TOFU-AutomatizacinGoogle-ES.png\" class=\"attachment-large size-large wp-image-11284\" alt=\"\" \/>\t\t\t\t\t\t\t\t\t\t\t\t\t\t\t<\/div>\n\t\t\t\t<\/div>\n\t\t\t\t<div class=\"elementor-element elementor-element-eafdf54 elementor-widget elementor-widget-text-editor\" data-id=\"eafdf54\" data-element_type=\"widget\" data-widget_type=\"text-editor.default\">\n\t\t\t\t<div class=\"elementor-widget-container\">\n\t\t\t\t\t\t\t\t\t<h2>Content you will find in the guide<\/h2>\n<p>What is Google My Business?<br \/>Who should be in Google My Business and why?<br \/>Google My Business, from the hand of Local SEO<br \/>How to appear in Google<br \/>Requirements and tips to follow<br \/>What can we do with Google My Business. All the possibilities<br \/>Step by step. Let&#8217;s register your business in Google My Business<\/p>\n<p>Step by step.<\/p>\n\t\t\t\t\t\t\t\t<\/div>\n\t\t\t\t<\/div>\n\t\t\t\t\t<\/div>\n\t\t<\/div>\n\t\t\t\t\t<\/div>\n\t\t<\/section>\n\t\t\t\t<\/div>\n\t\t","protected":false},"excerpt":{"rendered":"<p>Conoce la importancia de Google My Business para los negocios locales. Aprende a darte de alta en esta herramienta y aprovecha todas sus ventajas. \u00a1Desc\u00e1rgalo!<\/p>\n","protected":false},"author":1,"featured_media":10548,"parent":0,"menu_order":0,"comment_status":"closed","ping_status":"closed","template":"","meta":{"content-type":"","footnotes":""},"categories":[309],"tags":[],"class_list":["post-13466","page","type-page","status-publish","has-post-thumbnail","hentry","category-landing-page-en"],"_links":{"self":[{"href":"https:\/\/amara-marketing.com\/en\/wp-json\/wp\/v2\/pages\/13466"}],"collection":[{"href":"https:\/\/amara-marketing.com\/en\/wp-json\/wp\/v2\/pages"}],"about":[{"href":"https:\/\/amara-marketing.com\/en\/wp-json\/wp\/v2\/types\/page"}],"author":[{"embeddable":true,"href":"https:\/\/amara-marketing.com\/en\/wp-json\/wp\/v2\/users\/1"}],"replies":[{"embeddable":true,"href":"https:\/\/amara-marketing.com\/en\/wp-json\/wp\/v2\/comments?post=13466"}],"version-history":[{"count":0,"href":"https:\/\/amara-marketing.com\/en\/wp-json\/wp\/v2\/pages\/13466\/revisions"}],"wp:featuredmedia":[{"embeddable":true,"href":"https:\/\/amara-marketing.com\/en\/wp-json\/wp\/v2\/media\/10548"}],"wp:attachment":[{"href":"https:\/\/amara-marketing.com\/en\/wp-json\/wp\/v2\/media?parent=13466"}],"wp:term":[{"taxonomy":"category","embeddable":true,"href":"https:\/\/amara-marketing.com\/en\/wp-json\/wp\/v2\/categories?post=13466"},{"taxonomy":"post_tag","embeddable":true,"href":"https:\/\/amara-marketing.com\/en\/wp-json\/wp\/v2\/tags?post=13466"}],"curies":[{"name":"wp","href":"https:\/\/api.w.org\/{rel}","templated":true}]}}